{"id":736,"date":"2025-07-20T10:23:30","date_gmt":"2025-07-20T08:23:30","guid":{"rendered":"http:\/\/gkmtb-touren.at\/?page_id=736"},"modified":"2025-11-07T11:23:18","modified_gmt":"2025-11-07T10:23:18","slug":"gkmtb-bike-base-startpunkt-touren-service-wien-1140","status":"publish","type":"page","link":"http:\/\/gkmtb-touren.at\/de_at\/gkmtb-bike-base-startpunkt-touren-service-wien-1140\/","title":{"rendered":"Bike Base"},"content":{"rendered":"\t\t<div data-elementor-type=\"wp-page\" data-elementor-id=\"736\" class=\"elementor elementor-736\">\n\t\t\t\t<div class=\"elementor-element elementor-element-ccad4be e-flex e-con-boxed e-con e-parent\" data-id=\"ccad4be\" data-element_type=\"container\" data-e-type=\"container\" data-settings=\"{&quot;background_background&quot;:&quot;classic&quot;}\">\n\t\t\t\t\t<div class=\"e-con-inner\">\n\t\t\t\t<div class=\"elementor-element elementor-element-c01c2c5 elementor-widget elementor-widget-heading\" data-id=\"c01c2c5\" data-element_type=\"widget\" data-e-type=\"widget\" data-widget_type=\"heading.default\">\n\t\t\t\t\t<h1 class=\"elementor-heading-title elementor-size-default\">Unsere Bike Base<\/h1>\t\t\t\t<\/div>\n\t\t\t\t\t<\/div>\n\t\t\t\t<\/div>\n\t\t<div class=\"elementor-element elementor-element-bb4a86b e-flex e-con-boxed e-con e-parent\" data-id=\"bb4a86b\" data-element_type=\"container\" data-e-type=\"container\">\n\t\t\t\t\t<div class=\"e-con-inner\">\n\t\t\t\t<div class=\"elementor-element elementor-element-6767818 elementor-widget elementor-widget-text-editor\" data-id=\"6767818\" data-element_type=\"widget\" data-e-type=\"widget\" data-widget_type=\"text-editor.default\">\n\t\t\t\t\t\t\t\t\t<p>In der Kefergasse 22 im 14. Bezirk ist unsere Basis. Von hier starten unsere Touren, hier k\u00f6nnt ihr die Mountainbikes ausleihen und hier haben wir auch unsere Werkstatt. Briefings f\u00fcr die Touren sowie die Anpassung der Bikes werden hier durchgef\u00fchrt.<\/p><p>In der angeschlossenen Werkstatt werden die Bikes gereinigt, gewartet und auf den n\u00e4chsten Einsatz vorbereitet.<\/p><p>Wir nehmen auch dein Bike f\u00fcr Service und Reparatur entgegen, melde dich einfach f\u00fcr einen <a href=\".\/terminanfrage-service\/\">Termin<\/a>!<\/p>\t\t\t\t\t\t\t\t<\/div>\n\t\t\t\t\t<\/div>\n\t\t\t\t<\/div>\n\t\t<div class=\"elementor-element elementor-element-5c9e05a e-flex e-con-boxed e-con e-parent\" data-id=\"5c9e05a\" data-element_type=\"container\" data-e-type=\"container\">\n\t\t\t\t\t<div class=\"e-con-inner\">\n\t\t\t\t<div class=\"elementor-element elementor-element-ab1dd76 elementor-widget elementor-widget-image\" data-id=\"ab1dd76\" data-element_type=\"widget\" data-e-type=\"widget\" data-widget_type=\"image.default\">\n\t\t\t\t\t\t\t\t\t\t\t\t\t\t\t<img fetchpriority=\"high\" decoding=\"async\" width=\"1024\" height=\"768\" src=\"https:\/\/gkmtb-touren.at\/wp-content\/uploads\/2025\/08\/Bike-Base-3-1024x768.jpeg\" class=\"attachment-large size-large wp-image-911\" alt=\"\" srcset=\"https:\/\/gkmtb-touren.at\/wp-content\/uploads\/2025\/08\/Bike-Base-3-1024x768.jpeg 1024w, https:\/\/gkmtb-touren.at\/wp-content\/uploads\/2025\/08\/Bike-Base-3-300x225.jpeg 300w, https:\/\/gkmtb-touren.at\/wp-content\/uploads\/2025\/08\/Bike-Base-3-768x576.jpeg 768w, https:\/\/gkmtb-touren.at\/wp-content\/uploads\/2025\/08\/Bike-Base-3-1536x1152.jpeg 1536w, https:\/\/gkmtb-touren.at\/wp-content\/uploads\/2025\/08\/Bike-Base-3.jpeg 1600w\" sizes=\"(max-width: 1024px) 100vw, 1024px\" \/>\t\t\t\t\t\t\t\t\t\t\t\t\t\t\t<\/div>\n\t\t\t\t\t<\/div>\n\t\t\t\t<\/div>\n\t\t<div class=\"elementor-element elementor-element-f0d69b4 e-flex e-con-boxed e-con e-parent\" data-id=\"f0d69b4\" data-element_type=\"container\" data-e-type=\"container\">\n\t\t\t\t\t<div class=\"e-con-inner\">\n\t\t\t\t<div class=\"elementor-element elementor-element-d65f2a2 elementor-widget elementor-widget-image\" data-id=\"d65f2a2\" data-element_type=\"widget\" data-e-type=\"widget\" data-widget_type=\"image.default\">\n\t\t\t\t\t\t\t\t\t\t\t\t\t\t\t<img decoding=\"async\" width=\"1024\" height=\"1001\" src=\"https:\/\/gkmtb-touren.at\/wp-content\/uploads\/2025\/08\/Werkstatt-klein-1024x1001.png\" class=\"attachment-large size-large wp-image-912\" alt=\"\" srcset=\"https:\/\/gkmtb-touren.at\/wp-content\/uploads\/2025\/08\/Werkstatt-klein-1024x1001.png 1024w, https:\/\/gkmtb-touren.at\/wp-content\/uploads\/2025\/08\/Werkstatt-klein-300x293.png 300w, https:\/\/gkmtb-touren.at\/wp-content\/uploads\/2025\/08\/Werkstatt-klein-768x751.png 768w, https:\/\/gkmtb-touren.at\/wp-content\/uploads\/2025\/08\/Werkstatt-klein-1536x1501.png 1536w, https:\/\/gkmtb-touren.at\/wp-content\/uploads\/2025\/08\/Werkstatt-klein.png 1628w\" sizes=\"(max-width: 1024px) 100vw, 1024px\" \/>\t\t\t\t\t\t\t\t\t\t\t\t\t\t\t<\/div>\n\t\t\t\t\t<\/div>\n\t\t\t\t<\/div>\n\t\t<div class=\"elementor-element elementor-element-8593628 e-flex e-con-boxed e-con e-parent\" data-id=\"8593628\" data-element_type=\"container\" data-e-type=\"container\">\n\t\t\t\t\t<div class=\"e-con-inner\">\n\t\t\t\t<div class=\"elementor-element elementor-element-175f0ab elementor-widget elementor-widget-heading\" data-id=\"175f0ab\" data-element_type=\"widget\" data-e-type=\"widget\" data-widget_type=\"heading.default\">\n\t\t\t\t\t<h3 class=\"elementor-heading-title elementor-size-default\">Unser Maskottchen:<\/h3>\t\t\t\t<\/div>\n\t\t\t\t\t<\/div>\n\t\t\t\t<\/div>\n\t\t<div class=\"elementor-element elementor-element-e20d820 e-flex e-con-boxed e-con e-parent\" data-id=\"e20d820\" data-element_type=\"container\" data-e-type=\"container\">\n\t\t\t\t\t<div class=\"e-con-inner\">\n\t\t\t\t<div class=\"elementor-element elementor-element-f463ea4 elementor-widget elementor-widget-image\" data-id=\"f463ea4\" data-element_type=\"widget\" data-e-type=\"widget\" data-widget_type=\"image.default\">\n\t\t\t\t\t\t\t\t\t\t\t\t\t\t\t<img decoding=\"async\" width=\"225\" height=\"300\" src=\"https:\/\/gkmtb-touren.at\/wp-content\/uploads\/2025\/08\/Maskottchen-klein-1-225x300.jpg\" class=\"attachment-medium size-medium wp-image-913\" alt=\"\" srcset=\"https:\/\/gkmtb-touren.at\/wp-content\/uploads\/2025\/08\/Maskottchen-klein-1-225x300.jpg 225w, https:\/\/gkmtb-touren.at\/wp-content\/uploads\/2025\/08\/Maskottchen-klein-1.jpg 756w\" sizes=\"(max-width: 225px) 100vw, 225px\" \/>\t\t\t\t\t\t\t\t\t\t\t\t\t\t\t<\/div>\n\t\t\t\t\t<\/div>\n\t\t\t\t<\/div>\n\t\t\t\t<\/div>\n\t\t","protected":false},"excerpt":{"rendered":"<p>Unsere Bike Base In der Kefergasse 22 im 14. Bezirk ist unsere Basis. Von hier starten unsere Touren, hier k\u00f6nnt [&hellip;]<\/p>\n","protected":false},"author":1,"featured_media":741,"parent":0,"menu_order":0,"comment_status":"closed","ping_status":"closed","template":"","meta":{"_uag_custom_page_level_css":"","site-sidebar-layout":"no-sidebar","site-content-layout":"","ast-site-content-layout":"full-width-container","site-content-style":"default","site-sidebar-style":"default","ast-global-header-display":"","ast-banner-title-visibility":"","ast-main-header-display":"","ast-hfb-above-header-display":"","ast-hfb-below-header-display":"","ast-hfb-mobile-header-display":"","site-post-title":"disabled","ast-breadcrumbs-content":"","ast-featured-img":"disabled","footer-sml-layout":"","ast-disable-related-posts":"","theme-transparent-header-meta":"","adv-header-id-meta":"","stick-header-meta":"","header-above-stick-meta":"","header-main-stick-meta":"","header-below-stick-meta":"","astra-migrate-meta-layouts":"default","ast-page-background-enabled":"default","ast-page-background-meta":{"desktop":{"background-color":"var(--ast-global-color-5)","background-image":"","background-repeat":"repeat","background-position":"center center","background-size":"auto","background-attachment":"scroll","background-type":"","background-media":"","overlay-type":"","overlay-color":"","overlay-opacity":"","overlay-gradient":""},"tablet":{"background-color":"","background-image":"","background-repeat":"repeat","background-position":"center center","background-size":"auto","background-attachment":"scroll","background-type":"","background-media":"","overlay-type":"","overlay-color":"","overlay-opacity":"","overlay-gradient":""},"mobile":{"background-color":"","background-image":"","background-repeat":"repeat","background-position":"center center","background-size":"auto","background-attachment":"scroll","background-type":"","background-media":"","overlay-type":"","overlay-color":"","overlay-opacity":"","overlay-gradient":""}},"ast-content-background-meta":{"desktop":{"background-color":"var(--ast-global-color-4)","background-image":"","background-repeat":"repeat","background-position":"center center","background-size":"auto","background-attachment":"scroll","background-type":"","background-media":"","overlay-type":"","overlay-color":"","overlay-opacity":"","overlay-gradient":""},"tablet":{"background-color":"var(--ast-global-color-4)","background-image":"","background-repeat":"repeat","background-position":"center center","background-size":"auto","background-attachment":"scroll","background-type":"","background-media":"","overlay-type":"","overlay-color":"","overlay-opacity":"","overlay-gradient":""},"mobile":{"background-color":"var(--ast-global-color-4)","background-image":"","background-repeat":"repeat","background-position":"center center","background-size":"auto","background-attachment":"scroll","background-type":"","background-media":"","overlay-type":"","overlay-color":"","overlay-opacity":"","overlay-gradient":""}},"footnotes":""},"class_list":["post-736","page","type-page","status-publish","has-post-thumbnail","hentry"],"yoast_head":"<!-- This site is optimized with the Yoast SEO plugin v27.5 - https:\/\/yoast.com\/product\/yoast-seo-wordpress\/ -->\n<title>Bike Base - GKMTB<\/title>\n<meta name=\"description\" content=\"Startpunkt aller Touren: unsere Bike Base in 1140 Wien \u2013 Treffpunkt, E-Bike-Verleih &amp; Service. Einfach erreichbar mit U4, Linie 49 oder 52.\" \/>\n<meta name=\"robots\" content=\"index, follow, max-snippet:-1, max-image-preview:large, max-video-preview:-1\" \/>\n<link rel=\"canonical\" href=\"https:\/\/gkmtb-touren.at\/de_at\/gkmtb-bike-base-startpunkt-touren-service-wien-1140\/\" \/>\n<meta property=\"og:locale\" content=\"de_DE\" \/>\n<meta property=\"og:type\" content=\"article\" \/>\n<meta property=\"og:title\" content=\"Bike Base - GKMTB\" \/>\n<meta property=\"og:description\" content=\"Startpunkt aller Touren: unsere Bike Base in 1140 Wien \u2013 Treffpunkt, E-Bike-Verleih &amp; Service. Einfach erreichbar mit U4, Linie 49 oder 52.\" \/>\n<meta property=\"og:url\" content=\"https:\/\/gkmtb-touren.at\/de_at\/gkmtb-bike-base-startpunkt-touren-service-wien-1140\/\" \/>\n<meta property=\"og:site_name\" content=\"GKMTB\" \/>\n<meta property=\"article:modified_time\" content=\"2025-11-07T10:23:18+00:00\" \/>\n<meta property=\"og:image\" content=\"https:\/\/gkmtb-touren.at\/wp-content\/uploads\/2025\/07\/WhatsApp-Image-2025-07-20-at-10.24.47.jpeg\" \/>\n\t<meta property=\"og:image:width\" content=\"2048\" \/>\n\t<meta property=\"og:image:height\" content=\"1536\" \/>\n\t<meta property=\"og:image:type\" content=\"image\/jpeg\" \/>\n<meta name=\"twitter:card\" content=\"summary_large_image\" \/>\n<meta name=\"twitter:label1\" content=\"Gesch\u00e4tzte Lesezeit\" \/>\n\t<meta name=\"twitter:data1\" content=\"2 Minuten\" \/>\n<script type=\"application\/ld+json\" class=\"yoast-schema-graph\">{\"@context\":\"https:\\\/\\\/schema.org\",\"@graph\":[{\"@type\":\"WebPage\",\"@id\":\"https:\\\/\\\/gkmtb-touren.at\\\/de_at\\\/gkmtb-bike-base-startpunkt-touren-service-wien-1140\\\/\",\"url\":\"https:\\\/\\\/gkmtb-touren.at\\\/de_at\\\/gkmtb-bike-base-startpunkt-touren-service-wien-1140\\\/\",\"name\":\"Bike Base - GKMTB\",\"isPartOf\":{\"@id\":\"https:\\\/\\\/gkmtb-touren.at\\\/de_at\\\/#website\"},\"primaryImageOfPage\":{\"@id\":\"https:\\\/\\\/gkmtb-touren.at\\\/de_at\\\/gkmtb-bike-base-startpunkt-touren-service-wien-1140\\\/#primaryimage\"},\"image\":{\"@id\":\"https:\\\/\\\/gkmtb-touren.at\\\/de_at\\\/gkmtb-bike-base-startpunkt-touren-service-wien-1140\\\/#primaryimage\"},\"thumbnailUrl\":\"https:\\\/\\\/gkmtb-touren.at\\\/wp-content\\\/uploads\\\/2025\\\/07\\\/WhatsApp-Image-2025-07-20-at-10.24.47.jpeg\",\"datePublished\":\"2025-07-20T08:23:30+00:00\",\"dateModified\":\"2025-11-07T10:23:18+00:00\",\"description\":\"Startpunkt aller Touren: unsere Bike Base in 1140 Wien \u2013 Treffpunkt, E-Bike-Verleih & Service. Einfach erreichbar mit U4, Linie 49 oder 52.\",\"breadcrumb\":{\"@id\":\"https:\\\/\\\/gkmtb-touren.at\\\/de_at\\\/gkmtb-bike-base-startpunkt-touren-service-wien-1140\\\/#breadcrumb\"},\"inLanguage\":\"de-AT\",\"potentialAction\":[{\"@type\":\"ReadAction\",\"target\":[\"https:\\\/\\\/gkmtb-touren.at\\\/de_at\\\/gkmtb-bike-base-startpunkt-touren-service-wien-1140\\\/\"]}]},{\"@type\":\"ImageObject\",\"inLanguage\":\"de-AT\",\"@id\":\"https:\\\/\\\/gkmtb-touren.at\\\/de_at\\\/gkmtb-bike-base-startpunkt-touren-service-wien-1140\\\/#primaryimage\",\"url\":\"https:\\\/\\\/gkmtb-touren.at\\\/wp-content\\\/uploads\\\/2025\\\/07\\\/WhatsApp-Image-2025-07-20-at-10.24.47.jpeg\",\"contentUrl\":\"https:\\\/\\\/gkmtb-touren.at\\\/wp-content\\\/uploads\\\/2025\\\/07\\\/WhatsApp-Image-2025-07-20-at-10.24.47.jpeg\",\"width\":2048,\"height\":1536},{\"@type\":\"BreadcrumbList\",\"@id\":\"https:\\\/\\\/gkmtb-touren.at\\\/de_at\\\/gkmtb-bike-base-startpunkt-touren-service-wien-1140\\\/#breadcrumb\",\"itemListElement\":[{\"@type\":\"ListItem\",\"position\":1,\"name\":\"Startseite\",\"item\":\"https:\\\/\\\/gkmtb-touren.at\\\/\"},{\"@type\":\"ListItem\",\"position\":2,\"name\":\"Bike Base\"}]},{\"@type\":\"WebSite\",\"@id\":\"https:\\\/\\\/gkmtb-touren.at\\\/de_at\\\/#website\",\"url\":\"https:\\\/\\\/gkmtb-touren.at\\\/de_at\\\/\",\"name\":\"GKMTB Touren\",\"description\":\"Mountainbike Touren Wienerwald\",\"publisher\":{\"@id\":\"https:\\\/\\\/gkmtb-touren.at\\\/de_at\\\/#organization\"},\"potentialAction\":[{\"@type\":\"SearchAction\",\"target\":{\"@type\":\"EntryPoint\",\"urlTemplate\":\"https:\\\/\\\/gkmtb-touren.at\\\/de_at\\\/?s={search_term_string}\"},\"query-input\":{\"@type\":\"PropertyValueSpecification\",\"valueRequired\":true,\"valueName\":\"search_term_string\"}}],\"inLanguage\":\"de-AT\"},{\"@type\":\"Organization\",\"@id\":\"https:\\\/\\\/gkmtb-touren.at\\\/de_at\\\/#organization\",\"name\":\"GKMTB Touren\",\"url\":\"https:\\\/\\\/gkmtb-touren.at\\\/de_at\\\/\",\"logo\":{\"@type\":\"ImageObject\",\"inLanguage\":\"de-AT\",\"@id\":\"https:\\\/\\\/gkmtb-touren.at\\\/de_at\\\/#\\\/schema\\\/logo\\\/image\\\/\",\"url\":\"https:\\\/\\\/gkmtb-touren.at\\\/wp-content\\\/uploads\\\/2025\\\/07\\\/cropped-RADLOGO1.png\",\"contentUrl\":\"https:\\\/\\\/gkmtb-touren.at\\\/wp-content\\\/uploads\\\/2025\\\/07\\\/cropped-RADLOGO1.png\",\"width\":874,\"height\":547,\"caption\":\"GKMTB Touren\"},\"image\":{\"@id\":\"https:\\\/\\\/gkmtb-touren.at\\\/de_at\\\/#\\\/schema\\\/logo\\\/image\\\/\"}}]}<\/script>\n<!-- \/ Yoast SEO plugin. -->","yoast_head_json":{"title":"Bike Base - GKMTB","description":"Startpunkt aller Touren: unsere Bike Base in 1140 Wien \u2013 Treffpunkt, E-Bike-Verleih & Service. Einfach erreichbar mit U4, Linie 49 oder 52.","robots":{"index":"index","follow":"follow","max-snippet":"max-snippet:-1","max-image-preview":"max-image-preview:large","max-video-preview":"max-video-preview:-1"},"canonical":"https:\/\/gkmtb-touren.at\/de_at\/gkmtb-bike-base-startpunkt-touren-service-wien-1140\/","og_locale":"de_DE","og_type":"article","og_title":"Bike Base - GKMTB","og_description":"Startpunkt aller Touren: unsere Bike Base in 1140 Wien \u2013 Treffpunkt, E-Bike-Verleih & Service. Einfach erreichbar mit U4, Linie 49 oder 52.","og_url":"https:\/\/gkmtb-touren.at\/de_at\/gkmtb-bike-base-startpunkt-touren-service-wien-1140\/","og_site_name":"GKMTB","article_modified_time":"2025-11-07T10:23:18+00:00","og_image":[{"width":2048,"height":1536,"url":"https:\/\/gkmtb-touren.at\/wp-content\/uploads\/2025\/07\/WhatsApp-Image-2025-07-20-at-10.24.47.jpeg","type":"image\/jpeg"}],"twitter_card":"summary_large_image","twitter_misc":{"Gesch\u00e4tzte Lesezeit":"2 Minuten"},"schema":{"@context":"https:\/\/schema.org","@graph":[{"@type":"WebPage","@id":"https:\/\/gkmtb-touren.at\/de_at\/gkmtb-bike-base-startpunkt-touren-service-wien-1140\/","url":"https:\/\/gkmtb-touren.at\/de_at\/gkmtb-bike-base-startpunkt-touren-service-wien-1140\/","name":"Bike Base - GKMTB","isPartOf":{"@id":"https:\/\/gkmtb-touren.at\/de_at\/#website"},"primaryImageOfPage":{"@id":"https:\/\/gkmtb-touren.at\/de_at\/gkmtb-bike-base-startpunkt-touren-service-wien-1140\/#primaryimage"},"image":{"@id":"https:\/\/gkmtb-touren.at\/de_at\/gkmtb-bike-base-startpunkt-touren-service-wien-1140\/#primaryimage"},"thumbnailUrl":"https:\/\/gkmtb-touren.at\/wp-content\/uploads\/2025\/07\/WhatsApp-Image-2025-07-20-at-10.24.47.jpeg","datePublished":"2025-07-20T08:23:30+00:00","dateModified":"2025-11-07T10:23:18+00:00","description":"Startpunkt aller Touren: unsere Bike Base in 1140 Wien \u2013 Treffpunkt, E-Bike-Verleih & Service. Einfach erreichbar mit U4, Linie 49 oder 52.","breadcrumb":{"@id":"https:\/\/gkmtb-touren.at\/de_at\/gkmtb-bike-base-startpunkt-touren-service-wien-1140\/#breadcrumb"},"inLanguage":"de-AT","potentialAction":[{"@type":"ReadAction","target":["https:\/\/gkmtb-touren.at\/de_at\/gkmtb-bike-base-startpunkt-touren-service-wien-1140\/"]}]},{"@type":"ImageObject","inLanguage":"de-AT","@id":"https:\/\/gkmtb-touren.at\/de_at\/gkmtb-bike-base-startpunkt-touren-service-wien-1140\/#primaryimage","url":"https:\/\/gkmtb-touren.at\/wp-content\/uploads\/2025\/07\/WhatsApp-Image-2025-07-20-at-10.24.47.jpeg","contentUrl":"https:\/\/gkmtb-touren.at\/wp-content\/uploads\/2025\/07\/WhatsApp-Image-2025-07-20-at-10.24.47.jpeg","width":2048,"height":1536},{"@type":"BreadcrumbList","@id":"https:\/\/gkmtb-touren.at\/de_at\/gkmtb-bike-base-startpunkt-touren-service-wien-1140\/#breadcrumb","itemListElement":[{"@type":"ListItem","position":1,"name":"Startseite","item":"https:\/\/gkmtb-touren.at\/"},{"@type":"ListItem","position":2,"name":"Bike Base"}]},{"@type":"WebSite","@id":"https:\/\/gkmtb-touren.at\/de_at\/#website","url":"https:\/\/gkmtb-touren.at\/de_at\/","name":"GKMTB Touren","description":"Mountainbike Touren Wienerwald","publisher":{"@id":"https:\/\/gkmtb-touren.at\/de_at\/#organization"},"potentialAction":[{"@type":"SearchAction","target":{"@type":"EntryPoint","urlTemplate":"https:\/\/gkmtb-touren.at\/de_at\/?s={search_term_string}"},"query-input":{"@type":"PropertyValueSpecification","valueRequired":true,"valueName":"search_term_string"}}],"inLanguage":"de-AT"},{"@type":"Organization","@id":"https:\/\/gkmtb-touren.at\/de_at\/#organization","name":"GKMTB Touren","url":"https:\/\/gkmtb-touren.at\/de_at\/","logo":{"@type":"ImageObject","inLanguage":"de-AT","@id":"https:\/\/gkmtb-touren.at\/de_at\/#\/schema\/logo\/image\/","url":"https:\/\/gkmtb-touren.at\/wp-content\/uploads\/2025\/07\/cropped-RADLOGO1.png","contentUrl":"https:\/\/gkmtb-touren.at\/wp-content\/uploads\/2025\/07\/cropped-RADLOGO1.png","width":874,"height":547,"caption":"GKMTB Touren"},"image":{"@id":"https:\/\/gkmtb-touren.at\/de_at\/#\/schema\/logo\/image\/"}}]}},"uagb_featured_image_src":{"full":["https:\/\/gkmtb-touren.at\/wp-content\/uploads\/2025\/07\/WhatsApp-Image-2025-07-20-at-10.24.47.jpeg",2048,1536,false],"thumbnail":["https:\/\/gkmtb-touren.at\/wp-content\/uploads\/2025\/07\/WhatsApp-Image-2025-07-20-at-10.24.47-150x150.jpeg",150,150,true],"medium":["https:\/\/gkmtb-touren.at\/wp-content\/uploads\/2025\/07\/WhatsApp-Image-2025-07-20-at-10.24.47-300x225.jpeg",300,225,true],"medium_large":["https:\/\/gkmtb-touren.at\/wp-content\/uploads\/2025\/07\/WhatsApp-Image-2025-07-20-at-10.24.47-768x576.jpeg",768,576,true],"large":["https:\/\/gkmtb-touren.at\/wp-content\/uploads\/2025\/07\/WhatsApp-Image-2025-07-20-at-10.24.47-1024x768.jpeg",1024,768,true],"1536x1536":["https:\/\/gkmtb-touren.at\/wp-content\/uploads\/2025\/07\/WhatsApp-Image-2025-07-20-at-10.24.47-1536x1152.jpeg",1536,1152,true],"2048x2048":["https:\/\/gkmtb-touren.at\/wp-content\/uploads\/2025\/07\/WhatsApp-Image-2025-07-20-at-10.24.47.jpeg",2048,1536,false],"trp-custom-language-flag":["https:\/\/gkmtb-touren.at\/wp-content\/uploads\/2025\/07\/WhatsApp-Image-2025-07-20-at-10.24.47.jpeg",16,12,false]},"uagb_author_info":{"display_name":"Gerald","author_link":"http:\/\/gkmtb-touren.at\/de_at\/author\/geraldkwp\/"},"uagb_comment_info":0,"uagb_excerpt":"Unsere Bike Base In der Kefergasse 22 im 14. Bezirk ist unsere Basis. Von hier starten unsere Touren, hier k\u00f6nnt [&hellip;]","_links":{"self":[{"href":"http:\/\/gkmtb-touren.at\/de_at\/wp-json\/wp\/v2\/pages\/736","targetHints":{"allow":["GET"]}}],"collection":[{"href":"http:\/\/gkmtb-touren.at\/de_at\/wp-json\/wp\/v2\/pages"}],"about":[{"href":"http:\/\/gkmtb-touren.at\/de_at\/wp-json\/wp\/v2\/types\/page"}],"author":[{"embeddable":true,"href":"http:\/\/gkmtb-touren.at\/de_at\/wp-json\/wp\/v2\/users\/1"}],"replies":[{"embeddable":true,"href":"http:\/\/gkmtb-touren.at\/de_at\/wp-json\/wp\/v2\/comments?post=736"}],"version-history":[{"count":28,"href":"http:\/\/gkmtb-touren.at\/de_at\/wp-json\/wp\/v2\/pages\/736\/revisions"}],"predecessor-version":[{"id":1695,"href":"http:\/\/gkmtb-touren.at\/de_at\/wp-json\/wp\/v2\/pages\/736\/revisions\/1695"}],"wp:featuredmedia":[{"embeddable":true,"href":"http:\/\/gkmtb-touren.at\/de_at\/wp-json\/wp\/v2\/media\/741"}],"wp:attachment":[{"href":"http:\/\/gkmtb-touren.at\/de_at\/wp-json\/wp\/v2\/media?parent=736"}],"curies":[{"name":"wp","href":"https:\/\/api.w.org\/{rel}","templated":true}]}}