{"id":862,"date":"2025-07-24T18:43:52","date_gmt":"2025-07-24T16:43:52","guid":{"rendered":"http:\/\/gkmtb-touren.at\/?page_id=862"},"modified":"2025-08-17T22:09:49","modified_gmt":"2025-08-17T20:09:49","slug":"datenschutz-2","status":"publish","type":"page","link":"http:\/\/gkmtb-touren.at\/en\/datenschutz-2\/","title":{"rendered":"Data protection"},"content":{"rendered":"\t\t<div data-elementor-type=\"wp-page\" data-elementor-id=\"862\" class=\"elementor elementor-862\">\n\t\t\t\t<div class=\"elementor-element elementor-element-b6ae8a8 e-flex e-con-boxed e-con e-parent\" data-id=\"b6ae8a8\" data-element_type=\"container\" data-e-type=\"container\" data-settings=\"{&quot;background_background&quot;:&quot;classic&quot;}\">\n\t\t\t\t\t<div class=\"e-con-inner\">\n\t\t\t\t<div class=\"elementor-element elementor-element-17b8e88 elementor-widget elementor-widget-heading\" data-id=\"17b8e88\" data-element_type=\"widget\" data-e-type=\"widget\" data-widget_type=\"heading.default\">\n\t\t\t\t\t<h1 class=\"elementor-heading-title elementor-size-default\">Datenschutzerkl\u00e4rung<\/h1>\t\t\t\t<\/div>\n\t\t\t\t\t<\/div>\n\t\t\t\t<\/div>\n\t\t<div class=\"elementor-element elementor-element-f42b7ba e-flex e-con-boxed e-con e-parent\" data-id=\"f42b7ba\" data-element_type=\"container\" data-e-type=\"container\">\n\t\t\t\t\t<div class=\"e-con-inner\">\n\t\t\t\t<div class=\"elementor-element elementor-element-eaddbf6 elementor-widget elementor-widget-text-editor\" data-id=\"eaddbf6\" data-element_type=\"widget\" data-e-type=\"widget\" data-widget_type=\"text-editor.default\">\n\t\t\t\t\t\t\t\t\t<p style=\"font-weight: 400;\">Wir verarbeiten deine personenbezogenen Daten, die unter folgende <strong>Datenkategorien<a href=\"applewebdata:\/\/E7FFAC9D-90C2-4372-BBAB-93D33719696E#_ftn1\">[1]<\/a><\/strong> fallen:<\/p>\n<ul>\n<li>Name\/Firma,<\/li>\n<li>Ansprechperson,<\/li>\n<li>Gesch\u00e4ftsanschrift und sonstige Adressen des Kunden,<\/li>\n<li>Kontaktdaten (Telefonnummer, &nbsp;E-Mail-Adresse, etc.)<\/li>\n<li>Bestelldaten<\/li>\n<li>eventuell pers\u00f6nliche Daten wie K\u00f6rpergr\u00f6\u00dfe und Gewicht<\/li>\n<\/ul>\n<p style=\"font-weight: 400;\">Du hast uns Daten \u00fcber dich und deine Begleiter freiwillig zur Verf\u00fcgung gestellt und wir verarbeiten diese Daten auf Grundlage deiner&nbsp;<strong>Einwilligung<\/strong> zu folgenden Zwecken:<\/p>\n<ul>\n<li>Auftragserf\u00fcllung<\/li><li>Betreuung des Kunden&nbsp;<\/li>\n<li>f\u00fcr eigene Werbezwecke, beispielsweise zur Zusendung von Angeboten, Werbeprospekten und Newsletter (in Papier- und elektronischer Form), sowie zum Zwecke des Hinweises auf die zum Kunden bestehende oder vormalige Gesch\u00e4ftsbeziehung.<\/li>\n<\/ul>\n<p style=\"font-weight: 400;\">Du kannst diese Einwilligung jederzeit widerrufen. Ein <strong>Widerruf<\/strong> hat zur Folge, dass wir deine Daten ab diesem Zeitpunkt zu oben genannten Zwecken nicht mehr verarbeiten. <strong>F\u00fcr einen Widerruf wende dich bitte an: office@gkmtb-touren.at<\/strong><\/p>\n<p style=\"font-weight: 400;\">Die von dir bereit gestellten Daten sind weiters zur <strong>Vertragserf\u00fcllung<\/strong> bzw. zur Durchf\u00fchrung vorvertraglicher Ma\u00dfnahmen erforderlich. Ohne diese Daten k\u00f6nnen wir den Vertrag mit dir nicht abschlie\u00dfen.<\/p>\n<p style=\"font-weight: 400;\"><strong>Rechtsbehelfsbelehrung<\/strong><\/p>\n<p><span style=\"font-weight: 400;\">Dir stehen grunds\u00e4tzlich die Rechte auf Auskunft, Berichtigung, L\u00f6schung, Einschr\u00e4nkung, Daten\u00fcbertragbarkeit und Widerspruch zu. Daf\u00fcr wende dich an uns. Wenn du glaubst, dass die Verarbeitung deiner Daten gegen das Datenschutzrecht verst\u00f6\u00dft oder deine datenschutzrechtlichen Anspr\u00fcche sonst in einer Weise verletzt worden sind, kannst du dich bei der Aufsichtsbeh\u00f6rde beschweren. In \u00d6sterreich ist die <\/span><span style=\"font-weight: 400;\"><a href=\"http:\/\/dsb.gv.at\/\">Datenschutzbeh\u00f6rde<\/a><\/span><span style=\"font-weight: 400;\"> zust\u00e4ndig.<\/span><\/p>\t\t\t\t\t\t\t\t<\/div>\n\t\t\t\t\t<\/div>\n\t\t\t\t<\/div>\n\t\t\t\t<\/div>\n\t\t","protected":false},"excerpt":{"rendered":"<p>Datenschutzerkl\u00e4rung Wir verarbeiten deine personenbezogenen Daten, die unter folgende Datenkategorien[1] fallen: Name\/Firma, Ansprechperson, Gesch\u00e4ftsanschrift und sonstige Adressen des Kunden, Kontaktdaten [&hellip;]<\/p>\n","protected":false},"author":1,"featured_media":568,"parent":0,"menu_order":0,"comment_status":"closed","ping_status":"closed","template":"","meta":{"_uag_custom_page_level_css":"","site-sidebar-layout":"no-sidebar","site-content-layout":"","ast-site-content-layout":"full-width-container","site-content-style":"default","site-sidebar-style":"default","ast-global-header-display":"","ast-banner-title-visibility":"","ast-main-header-display":"","ast-hfb-above-header-display":"","ast-hfb-below-header-display":"","ast-hfb-mobile-header-display":"","site-post-title":"disabled","ast-breadcrumbs-content":"","ast-featured-img":"disabled","footer-sml-layout":"","ast-disable-related-posts":"","theme-transparent-header-meta":"","adv-header-id-meta":"","stick-header-meta":"","header-above-stick-meta":"","header-main-stick-meta":"","header-below-stick-meta":"","astra-migrate-meta-layouts":"default","ast-page-background-enabled":"default","ast-page-background-meta":{"desktop":{"background-color":"var(--ast-global-color-5)","background-image":"","background-repeat":"repeat","background-position":"center center","background-size":"auto","background-attachment":"scroll","background-type":"","background-media":"","overlay-type":"","overlay-color":"","overlay-opacity":"","overlay-gradient":""},"tablet":{"background-color":"","background-image":"","background-repeat":"repeat","background-position":"center center","background-size":"auto","background-attachment":"scroll","background-type":"","background-media":"","overlay-type":"","overlay-color":"","overlay-opacity":"","overlay-gradient":""},"mobile":{"background-color":"","background-image":"","background-repeat":"repeat","background-position":"center center","background-size":"auto","background-attachment":"scroll","background-type":"","background-media":"","overlay-type":"","overlay-color":"","overlay-opacity":"","overlay-gradient":""}},"ast-content-background-meta":{"desktop":{"background-color":"var(--ast-global-color-4)","background-image":"","background-repeat":"repeat","background-position":"center center","background-size":"auto","background-attachment":"scroll","background-type":"","background-media":"","overlay-type":"","overlay-color":"","overlay-opacity":"","overlay-gradient":""},"tablet":{"background-color":"var(--ast-global-color-4)","background-image":"","background-repeat":"repeat","background-position":"center center","background-size":"auto","background-attachment":"scroll","background-type":"","background-media":"","overlay-type":"","overlay-color":"","overlay-opacity":"","overlay-gradient":""},"mobile":{"background-color":"var(--ast-global-color-4)","background-image":"","background-repeat":"repeat","background-position":"center center","background-size":"auto","background-attachment":"scroll","background-type":"","background-media":"","overlay-type":"","overlay-color":"","overlay-opacity":"","overlay-gradient":""}},"footnotes":""},"class_list":["post-862","page","type-page","status-publish","has-post-thumbnail","hentry"],"yoast_head":"<!-- This site is optimized with the Yoast SEO plugin v27.5 - https:\/\/yoast.com\/product\/yoast-seo-wordpress\/ -->\n<title>Datenschutz - GKMTB<\/title>\n<meta name=\"robots\" content=\"index, follow, max-snippet:-1, max-image-preview:large, max-video-preview:-1\" \/>\n<link rel=\"canonical\" href=\"https:\/\/gkmtb-touren.at\/en\/datenschutz-2\/\" \/>\n<meta property=\"og:locale\" content=\"en_US\" \/>\n<meta property=\"og:type\" content=\"article\" \/>\n<meta property=\"og:title\" content=\"Datenschutz - GKMTB\" \/>\n<meta property=\"og:description\" content=\"Datenschutzerkl\u00e4rung Wir verarbeiten deine personenbezogenen Daten, die unter folgende Datenkategorien[1] fallen: Name\/Firma, Ansprechperson, Gesch\u00e4ftsanschrift und sonstige Adressen des Kunden, Kontaktdaten [&hellip;]\" \/>\n<meta property=\"og:url\" content=\"https:\/\/gkmtb-touren.at\/en\/datenschutz-2\/\" \/>\n<meta property=\"og:site_name\" content=\"GKMTB\" \/>\n<meta property=\"article:modified_time\" content=\"2025-08-17T20:09:49+00:00\" \/>\n<meta property=\"og:image\" content=\"https:\/\/gkmtb-touren.at\/wp-content\/uploads\/2025\/05\/WhatsApp-Image-2025-04-29-at-19.50.57-8.jpeg\" \/>\n\t<meta property=\"og:image:width\" content=\"1600\" \/>\n\t<meta property=\"og:image:height\" content=\"1200\" \/>\n\t<meta property=\"og:image:type\" content=\"image\/jpeg\" \/>\n<meta name=\"twitter:card\" content=\"summary_large_image\" \/>\n<meta name=\"twitter:label1\" content=\"Est. reading time\" \/>\n\t<meta name=\"twitter:data1\" content=\"1 minute\" \/>\n<script type=\"application\/ld+json\" class=\"yoast-schema-graph\">{\"@context\":\"https:\\\/\\\/schema.org\",\"@graph\":[{\"@type\":\"WebPage\",\"@id\":\"https:\\\/\\\/gkmtb-touren.at\\\/datenschutz-2\\\/\",\"url\":\"https:\\\/\\\/gkmtb-touren.at\\\/datenschutz-2\\\/\",\"name\":\"Datenschutz - GKMTB\",\"isPartOf\":{\"@id\":\"https:\\\/\\\/gkmtb-touren.at\\\/de_at\\\/#website\"},\"primaryImageOfPage\":{\"@id\":\"https:\\\/\\\/gkmtb-touren.at\\\/datenschutz-2\\\/#primaryimage\"},\"image\":{\"@id\":\"https:\\\/\\\/gkmtb-touren.at\\\/datenschutz-2\\\/#primaryimage\"},\"thumbnailUrl\":\"https:\\\/\\\/gkmtb-touren.at\\\/wp-content\\\/uploads\\\/2025\\\/05\\\/WhatsApp-Image-2025-04-29-at-19.50.57-8.jpeg\",\"datePublished\":\"2025-07-24T16:43:52+00:00\",\"dateModified\":\"2025-08-17T20:09:49+00:00\",\"breadcrumb\":{\"@id\":\"https:\\\/\\\/gkmtb-touren.at\\\/datenschutz-2\\\/#breadcrumb\"},\"inLanguage\":\"en-US\",\"potentialAction\":[{\"@type\":\"ReadAction\",\"target\":[\"https:\\\/\\\/gkmtb-touren.at\\\/datenschutz-2\\\/\"]}]},{\"@type\":\"ImageObject\",\"inLanguage\":\"en-US\",\"@id\":\"https:\\\/\\\/gkmtb-touren.at\\\/datenschutz-2\\\/#primaryimage\",\"url\":\"https:\\\/\\\/gkmtb-touren.at\\\/wp-content\\\/uploads\\\/2025\\\/05\\\/WhatsApp-Image-2025-04-29-at-19.50.57-8.jpeg\",\"contentUrl\":\"https:\\\/\\\/gkmtb-touren.at\\\/wp-content\\\/uploads\\\/2025\\\/05\\\/WhatsApp-Image-2025-04-29-at-19.50.57-8.jpeg\",\"width\":1600,\"height\":1200},{\"@type\":\"BreadcrumbList\",\"@id\":\"https:\\\/\\\/gkmtb-touren.at\\\/datenschutz-2\\\/#breadcrumb\",\"itemListElement\":[{\"@type\":\"ListItem\",\"position\":1,\"name\":\"Startseite\",\"item\":\"https:\\\/\\\/gkmtb-touren.at\\\/\"},{\"@type\":\"ListItem\",\"position\":2,\"name\":\"Datenschutz\"}]},{\"@type\":\"WebSite\",\"@id\":\"https:\\\/\\\/gkmtb-touren.at\\\/de_at\\\/#website\",\"url\":\"https:\\\/\\\/gkmtb-touren.at\\\/de_at\\\/\",\"name\":\"GKMTB Touren\",\"description\":\"Mountainbike Touren Wienerwald\",\"publisher\":{\"@id\":\"https:\\\/\\\/gkmtb-touren.at\\\/de_at\\\/#organization\"},\"potentialAction\":[{\"@type\":\"SearchAction\",\"target\":{\"@type\":\"EntryPoint\",\"urlTemplate\":\"https:\\\/\\\/gkmtb-touren.at\\\/de_at\\\/?s={search_term_string}\"},\"query-input\":{\"@type\":\"PropertyValueSpecification\",\"valueRequired\":true,\"valueName\":\"search_term_string\"}}],\"inLanguage\":\"en-US\"},{\"@type\":\"Organization\",\"@id\":\"https:\\\/\\\/gkmtb-touren.at\\\/de_at\\\/#organization\",\"name\":\"GKMTB Touren\",\"url\":\"https:\\\/\\\/gkmtb-touren.at\\\/de_at\\\/\",\"logo\":{\"@type\":\"ImageObject\",\"inLanguage\":\"en-US\",\"@id\":\"https:\\\/\\\/gkmtb-touren.at\\\/de_at\\\/#\\\/schema\\\/logo\\\/image\\\/\",\"url\":\"https:\\\/\\\/gkmtb-touren.at\\\/wp-content\\\/uploads\\\/2025\\\/07\\\/cropped-RADLOGO1.png\",\"contentUrl\":\"https:\\\/\\\/gkmtb-touren.at\\\/wp-content\\\/uploads\\\/2025\\\/07\\\/cropped-RADLOGO1.png\",\"width\":874,\"height\":547,\"caption\":\"GKMTB Touren\"},\"image\":{\"@id\":\"https:\\\/\\\/gkmtb-touren.at\\\/de_at\\\/#\\\/schema\\\/logo\\\/image\\\/\"}}]}<\/script>\n<!-- \/ Yoast SEO plugin. -->","yoast_head_json":{"title":"Datenschutz - GKMTB","robots":{"index":"index","follow":"follow","max-snippet":"max-snippet:-1","max-image-preview":"max-image-preview:large","max-video-preview":"max-video-preview:-1"},"canonical":"https:\/\/gkmtb-touren.at\/en\/datenschutz-2\/","og_locale":"en_US","og_type":"article","og_title":"Datenschutz - GKMTB","og_description":"Datenschutzerkl\u00e4rung Wir verarbeiten deine personenbezogenen Daten, die unter folgende Datenkategorien[1] fallen: Name\/Firma, Ansprechperson, Gesch\u00e4ftsanschrift und sonstige Adressen des Kunden, Kontaktdaten [&hellip;]","og_url":"https:\/\/gkmtb-touren.at\/en\/datenschutz-2\/","og_site_name":"GKMTB","article_modified_time":"2025-08-17T20:09:49+00:00","og_image":[{"width":1600,"height":1200,"url":"https:\/\/gkmtb-touren.at\/wp-content\/uploads\/2025\/05\/WhatsApp-Image-2025-04-29-at-19.50.57-8.jpeg","type":"image\/jpeg"}],"twitter_card":"summary_large_image","twitter_misc":{"Est. reading time":"1 minute"},"schema":{"@context":"https:\/\/schema.org","@graph":[{"@type":"WebPage","@id":"https:\/\/gkmtb-touren.at\/datenschutz-2\/","url":"https:\/\/gkmtb-touren.at\/datenschutz-2\/","name":"Datenschutz - GKMTB","isPartOf":{"@id":"https:\/\/gkmtb-touren.at\/de_at\/#website"},"primaryImageOfPage":{"@id":"https:\/\/gkmtb-touren.at\/datenschutz-2\/#primaryimage"},"image":{"@id":"https:\/\/gkmtb-touren.at\/datenschutz-2\/#primaryimage"},"thumbnailUrl":"https:\/\/gkmtb-touren.at\/wp-content\/uploads\/2025\/05\/WhatsApp-Image-2025-04-29-at-19.50.57-8.jpeg","datePublished":"2025-07-24T16:43:52+00:00","dateModified":"2025-08-17T20:09:49+00:00","breadcrumb":{"@id":"https:\/\/gkmtb-touren.at\/datenschutz-2\/#breadcrumb"},"inLanguage":"en-US","potentialAction":[{"@type":"ReadAction","target":["https:\/\/gkmtb-touren.at\/datenschutz-2\/"]}]},{"@type":"ImageObject","inLanguage":"en-US","@id":"https:\/\/gkmtb-touren.at\/datenschutz-2\/#primaryimage","url":"https:\/\/gkmtb-touren.at\/wp-content\/uploads\/2025\/05\/WhatsApp-Image-2025-04-29-at-19.50.57-8.jpeg","contentUrl":"https:\/\/gkmtb-touren.at\/wp-content\/uploads\/2025\/05\/WhatsApp-Image-2025-04-29-at-19.50.57-8.jpeg","width":1600,"height":1200},{"@type":"BreadcrumbList","@id":"https:\/\/gkmtb-touren.at\/datenschutz-2\/#breadcrumb","itemListElement":[{"@type":"ListItem","position":1,"name":"Startseite","item":"https:\/\/gkmtb-touren.at\/"},{"@type":"ListItem","position":2,"name":"Datenschutz"}]},{"@type":"WebSite","@id":"https:\/\/gkmtb-touren.at\/de_at\/#website","url":"https:\/\/gkmtb-touren.at\/de_at\/","name":"GKMTB Touren","description":"Mountainbike Touren Wienerwald","publisher":{"@id":"https:\/\/gkmtb-touren.at\/de_at\/#organization"},"potentialAction":[{"@type":"SearchAction","target":{"@type":"EntryPoint","urlTemplate":"https:\/\/gkmtb-touren.at\/de_at\/?s={search_term_string}"},"query-input":{"@type":"PropertyValueSpecification","valueRequired":true,"valueName":"search_term_string"}}],"inLanguage":"en-US"},{"@type":"Organization","@id":"https:\/\/gkmtb-touren.at\/de_at\/#organization","name":"GKMTB Touren","url":"https:\/\/gkmtb-touren.at\/de_at\/","logo":{"@type":"ImageObject","inLanguage":"en-US","@id":"https:\/\/gkmtb-touren.at\/de_at\/#\/schema\/logo\/image\/","url":"https:\/\/gkmtb-touren.at\/wp-content\/uploads\/2025\/07\/cropped-RADLOGO1.png","contentUrl":"https:\/\/gkmtb-touren.at\/wp-content\/uploads\/2025\/07\/cropped-RADLOGO1.png","width":874,"height":547,"caption":"GKMTB Touren"},"image":{"@id":"https:\/\/gkmtb-touren.at\/de_at\/#\/schema\/logo\/image\/"}}]}},"uagb_featured_image_src":{"full":["https:\/\/gkmtb-touren.at\/wp-content\/uploads\/2025\/05\/WhatsApp-Image-2025-04-29-at-19.50.57-8.jpeg",1600,1200,false],"thumbnail":["https:\/\/gkmtb-touren.at\/wp-content\/uploads\/2025\/05\/WhatsApp-Image-2025-04-29-at-19.50.57-8-150x150.jpeg",150,150,true],"medium":["https:\/\/gkmtb-touren.at\/wp-content\/uploads\/2025\/05\/WhatsApp-Image-2025-04-29-at-19.50.57-8-300x225.jpeg",300,225,true],"medium_large":["https:\/\/gkmtb-touren.at\/wp-content\/uploads\/2025\/05\/WhatsApp-Image-2025-04-29-at-19.50.57-8-768x576.jpeg",768,576,true],"large":["https:\/\/gkmtb-touren.at\/wp-content\/uploads\/2025\/05\/WhatsApp-Image-2025-04-29-at-19.50.57-8-1024x768.jpeg",1024,768,true],"1536x1536":["https:\/\/gkmtb-touren.at\/wp-content\/uploads\/2025\/05\/WhatsApp-Image-2025-04-29-at-19.50.57-8-1536x1152.jpeg",1536,1152,true],"2048x2048":["https:\/\/gkmtb-touren.at\/wp-content\/uploads\/2025\/05\/WhatsApp-Image-2025-04-29-at-19.50.57-8.jpeg",1600,1200,false],"trp-custom-language-flag":["https:\/\/gkmtb-touren.at\/wp-content\/uploads\/2025\/05\/WhatsApp-Image-2025-04-29-at-19.50.57-8.jpeg",16,12,false]},"uagb_author_info":{"display_name":"Gerald","author_link":"http:\/\/gkmtb-touren.at\/en\/author\/geraldkwp\/"},"uagb_comment_info":0,"uagb_excerpt":"Datenschutzerkl\u00e4rung Wir verarbeiten deine personenbezogenen Daten, die unter folgende Datenkategorien[1] fallen: Name\/Firma, Ansprechperson, Gesch\u00e4ftsanschrift und sonstige Adressen des Kunden, Kontaktdaten [&hellip;]","_links":{"self":[{"href":"http:\/\/gkmtb-touren.at\/en\/wp-json\/wp\/v2\/pages\/862","targetHints":{"allow":["GET"]}}],"collection":[{"href":"http:\/\/gkmtb-touren.at\/en\/wp-json\/wp\/v2\/pages"}],"about":[{"href":"http:\/\/gkmtb-touren.at\/en\/wp-json\/wp\/v2\/types\/page"}],"author":[{"embeddable":true,"href":"http:\/\/gkmtb-touren.at\/en\/wp-json\/wp\/v2\/users\/1"}],"replies":[{"embeddable":true,"href":"http:\/\/gkmtb-touren.at\/en\/wp-json\/wp\/v2\/comments?post=862"}],"version-history":[{"count":19,"href":"http:\/\/gkmtb-touren.at\/en\/wp-json\/wp\/v2\/pages\/862\/revisions"}],"predecessor-version":[{"id":986,"href":"http:\/\/gkmtb-touren.at\/en\/wp-json\/wp\/v2\/pages\/862\/revisions\/986"}],"wp:featuredmedia":[{"embeddable":true,"href":"http:\/\/gkmtb-touren.at\/en\/wp-json\/wp\/v2\/media\/568"}],"wp:attachment":[{"href":"http:\/\/gkmtb-touren.at\/en\/wp-json\/wp\/v2\/media?parent=862"}],"curies":[{"name":"wp","href":"https:\/\/api.w.org\/{rel}","templated":true}]}}