{"id":276,"date":"2025-04-28T16:08:07","date_gmt":"2025-04-28T14:08:07","guid":{"rendered":"http:\/\/gkmtb-touren.at\/about\/"},"modified":"2025-10-13T10:40:44","modified_gmt":"2025-10-13T08:40:44","slug":"about","status":"publish","type":"page","link":"https:\/\/gkmtb-touren.at\/de_at\/about\/","title":{"rendered":"\u00dcber uns"},"content":{"rendered":"\t\t<div data-elementor-type=\"wp-page\" data-elementor-id=\"276\" class=\"elementor elementor-276\">\n\t\t\t\t<div class=\"elementor-element elementor-element-8c1ca90 e-flex e-con-boxed e-con e-parent\" data-id=\"8c1ca90\" data-element_type=\"container\" data-e-type=\"container\" data-settings=\"{&quot;background_background&quot;:&quot;classic&quot;}\">\n\t\t\t\t\t<div class=\"e-con-inner\">\n\t\t\t\t<div class=\"elementor-element elementor-element-0353a11 elementor-widget elementor-widget-heading\" data-id=\"0353a11\" data-element_type=\"widget\" data-e-type=\"widget\" data-widget_type=\"heading.default\">\n\t\t\t\t\t<h1 class=\"elementor-heading-title elementor-size-default\">\u00dcber Uns<\/h1>\t\t\t\t<\/div>\n\t\t\t\t\t<\/div>\n\t\t\t\t<\/div>\n\t\t<div class=\"elementor-element elementor-element-91d5e9c e-flex e-con-boxed e-con e-parent\" data-id=\"91d5e9c\" data-element_type=\"container\" data-e-type=\"container\" data-settings=\"{&quot;background_background&quot;:&quot;classic&quot;}\">\n\t\t\t\t\t<div class=\"e-con-inner\">\n\t\t\t\t<div class=\"elementor-element elementor-element-062431a elementor-widget elementor-widget-heading\" data-id=\"062431a\" data-element_type=\"widget\" data-e-type=\"widget\" data-widget_type=\"heading.default\">\n\t\t\t\t\t<h2 class=\"elementor-heading-title elementor-size-default\">Mountainbiken mit Leidenschaft \u2013 Direkt aus Wien<\/h2>\t\t\t\t<\/div>\n\t\t\t\t<div class=\"elementor-element elementor-element-8ca52c9 elementor-widget elementor-widget-image\" data-id=\"8ca52c9\" data-element_type=\"widget\" data-e-type=\"widget\" data-widget_type=\"image.default\">\n\t\t\t\t\t\t\t\t\t\t\t\t\t\t\t<img fetchpriority=\"high\" decoding=\"async\" width=\"596\" height=\"445\" src=\"https:\/\/gkmtb-touren.at\/wp-content\/uploads\/2025\/10\/Gerald-2.png\" class=\"attachment-large size-large wp-image-1476\" alt=\"\" srcset=\"https:\/\/gkmtb-touren.at\/wp-content\/uploads\/2025\/10\/Gerald-2.png 596w, https:\/\/gkmtb-touren.at\/wp-content\/uploads\/2025\/10\/Gerald-2-300x224.png 300w, https:\/\/gkmtb-touren.at\/wp-content\/uploads\/2025\/10\/Gerald-2-16x12.png 16w\" sizes=\"(max-width: 596px) 100vw, 596px\" \/>\t\t\t\t\t\t\t\t\t\t\t\t\t\t\t<\/div>\n\t\t\t\t<div class=\"elementor-element elementor-element-be0ca7a elementor-align-center elementor-widget elementor-widget-button\" data-id=\"be0ca7a\" data-element_type=\"widget\" data-e-type=\"widget\" data-widget_type=\"button.default\">\n\t\t\t\t\t\t\t\t\t\t<a class=\"elementor-button elementor-button-link elementor-size-sm\" href=\"\/contact\/\">\n\t\t\t\t\t\t<span class=\"elementor-button-content-wrapper\">\n\t\t\t\t\t\t\t\t\t<span class=\"elementor-button-text\">Jetzt Tour oder Service anfragen<\/span>\n\t\t\t\t\t<\/span>\n\t\t\t\t\t<\/a>\n\t\t\t\t\t\t\t\t<\/div>\n\t\t\t\t\t<\/div>\n\t\t\t\t<\/div>\n\t\t<div class=\"elementor-element elementor-element-a8f9334 e-grid e-con-boxed e-con e-parent\" data-id=\"a8f9334\" data-element_type=\"container\" data-e-type=\"container\">\n\t\t\t\t\t<div class=\"e-con-inner\">\n\t\t\t\t<div class=\"elementor-element elementor-element-03d177a elementor-widget elementor-widget-text-editor\" data-id=\"03d177a\" data-element_type=\"widget\" data-e-type=\"widget\" data-widget_type=\"text-editor.default\">\n\t\t\t\t\t\t\t\t\t<p data-start=\"772\" data-end=\"1182\">Ich bin <strong data-start=\"784\" data-end=\"802\">Gerald Kotzian<\/strong>, von <a href=\"https:\/\/www.bikeguideaustria.at\">Cycling Austria<\/a> <strong>zertifizierter Mountainbike-Guide<\/strong>, gepr\u00fcfter Fahrradmechatroniker und Gr\u00fcnder von <strong data-start=\"895\" data-end=\"916\">GKMTB Touren e.U.<\/strong><br data-start=\"916\" data-end=\"919\" \/>Was als pers\u00f6nliche Leidenschaft f\u00fcr Trails, Technik und Natur begonnen hat, ist heute zu einer kleinen, feinen Bike Base im Westen Wiens geworden \u2013 der perfekte Ausgangspunkt f\u00fcr Touren in den Wienerwald und Anlaufstelle f\u00fcr Fahrradservice und Reparaturen.<\/p><p data-start=\"1184\" data-end=\"1443\">Ich biete ma\u00dfgeschneiderte<strong data-start=\"1238\" data-end=\"1280\"> E-MTB- und MTB-Touren<\/strong> f\u00fcr Einsteiger, Genie\u00dfer und erfahrene Fahrer:innen an, bei Bedarf auch gemeinsam mit anderen zertifizierten Bikeguides. Dabei steht immer eines im Mittelpunkt: <strong data-start=\"1377\" data-end=\"1441\">Natur erleben, Fahrspa\u00df teilen und gemeinsam unterwegs sein. <\/strong>Immer alles auf den offiziell freigegebenen Strecken und Trails des Wienerwalds.<\/p><p data-start=\"1445\" data-end=\"1673\">Ob gem\u00fctliche Genusstour mit Einkehr in einer H\u00fctte, sportliche Tagestour \u00fcber die Wienerwald-Warten, ein Fahrtechnik-Training oder einfach ein gr\u00fcndlicher Service f\u00fcr dein Bike \u2013 bei uns bist du richtig.<\/p>\t\t\t\t\t\t\t\t<\/div>\n\t\t\t\t<div class=\"elementor-element elementor-element-d82a430 elementor-widget elementor-widget-image\" data-id=\"d82a430\" data-element_type=\"widget\" data-e-type=\"widget\" data-widget_type=\"image.default\">\n\t\t\t\t\t\t\t\t\t\t\t\t\t\t\t<img decoding=\"async\" width=\"1024\" height=\"784\" src=\"https:\/\/gkmtb-touren.at\/wp-content\/uploads\/2025\/10\/Gerald-Shop1-1-1024x784.png\" class=\"attachment-large size-large wp-image-1470\" alt=\"\" srcset=\"https:\/\/gkmtb-touren.at\/wp-content\/uploads\/2025\/10\/Gerald-Shop1-1-1024x784.png 1024w, https:\/\/gkmtb-touren.at\/wp-content\/uploads\/2025\/10\/Gerald-Shop1-1-300x230.png 300w, https:\/\/gkmtb-touren.at\/wp-content\/uploads\/2025\/10\/Gerald-Shop1-1-768x588.png 768w, https:\/\/gkmtb-touren.at\/wp-content\/uploads\/2025\/10\/Gerald-Shop1-1-1536x1176.png 1536w, https:\/\/gkmtb-touren.at\/wp-content\/uploads\/2025\/10\/Gerald-Shop1-1-2048x1568.png 2048w, https:\/\/gkmtb-touren.at\/wp-content\/uploads\/2025\/10\/Gerald-Shop1-1-16x12.png 16w\" sizes=\"(max-width: 1024px) 100vw, 1024px\" \/>\t\t\t\t\t\t\t\t\t\t\t\t\t\t\t<\/div>\n\t\t\t\t\t<\/div>\n\t\t\t\t<\/div>\n\t\t<div class=\"elementor-element elementor-element-e2fc4ed e-flex e-con-boxed e-con e-parent\" data-id=\"e2fc4ed\" data-element_type=\"container\" data-e-type=\"container\">\n\t\t\t\t\t<div class=\"e-con-inner\">\n\t\t\t\t<div class=\"elementor-element elementor-element-2ebae82 elementor-widget elementor-widget-heading\" data-id=\"2ebae82\" data-element_type=\"widget\" data-e-type=\"widget\" data-widget_type=\"heading.default\">\n\t\t\t\t\t<h3 class=\"elementor-heading-title elementor-size-default\">Meine Geschichte<\/h3>\t\t\t\t<\/div>\n\t\t\t\t<div class=\"elementor-element elementor-element-80f8bfe elementor-widget elementor-widget-text-editor\" data-id=\"80f8bfe\" data-element_type=\"widget\" data-e-type=\"widget\" data-widget_type=\"text-editor.default\">\n\t\t\t\t\t\t\t\t\t<p data-start=\"1708\" data-end=\"1949\">Bevor ich mein Hobby zum Beruf gemacht habe, war ich viele Jahre in der Softwarebranche t\u00e4tig \u2013 dort, wo Struktur, Pr\u00e4zision und Technik z\u00e4hlen. Beim Mountainbiken habe ich den perfekten Ausgleich gefunden: Bewegung, Natur, Freiheit.<\/p><p data-start=\"1951\" data-end=\"2343\">Mit der Zeit ist daraus <strong data-start=\"1975\" data-end=\"1996\">GKMTB Touren e.U.<\/strong> entstanden \u2013 eine Kombination aus <strong data-start=\"2031\" data-end=\"2106\">Touren, Verleih, Fahrtechniktraining und professionellem Fahrradservice<\/strong>.<br data-start=\"2107\" data-end=\"2110\" \/>Um auch technisch auf dem neuesten Stand zu bleiben, habe ich die Ausbildung zum <strong data-start=\"2191\" data-end=\"2225\">gepr\u00fcften Fahrradmechatroniker <\/strong>abgeschlossen. So kann ich nicht nur Touren sicher begleiten, sondern auch Bikes fachgerecht warten und reparieren.<\/p><p data-start=\"2345\" data-end=\"2673\">Neben dem Biken begleitet mich seit jeher auch die <strong data-start=\"2396\" data-end=\"2405\">Musik<\/strong> \u2013 als Musiker und seit 2025 auch als Vereinsobmann des Kulturvereins <em data-start=\"2456\" data-end=\"2471\">pro-vo_aktion<\/em>, der eine Musikschule betreibt. Beide Welten \u2013 <strong data-start=\"2521\" data-end=\"2543\">Musik und Bewegung<\/strong> \u2013 haben eines gemeinsam: sie verbinden Menschen und schaffen echte Erlebnisse. Genau das m\u00f6chte ich auch mit GKMTB weitergeben.<\/p>\t\t\t\t\t\t\t\t<\/div>\n\t\t\t\t\t<\/div>\n\t\t\t\t<\/div>\n\t\t<div class=\"elementor-element elementor-element-e289fec e-flex e-con-boxed e-con e-parent\" data-id=\"e289fec\" data-element_type=\"container\" data-e-type=\"container\" data-settings=\"{&quot;background_background&quot;:&quot;classic&quot;}\">\n\t\t\t\t\t<div class=\"e-con-inner\">\n\t\t\t\t<div class=\"elementor-element elementor-element-b8a78a3 elementor-widget elementor-widget-image-box\" data-id=\"b8a78a3\" data-element_type=\"widget\" data-e-type=\"widget\" data-widget_type=\"image-box.default\">\n\t\t\t\t\t<div class=\"elementor-image-box-wrapper\"><div class=\"elementor-image-box-content\"><h2 class=\"elementor-image-box-title\">Unsere Werte\u200b<\/h2><p class=\"elementor-image-box-description\">Hier sind die Kernwerte, die unser Handeln leiten und unser Engagement f\u00fcr unvergessliche Erlebnisse widerspiegeln.\u200b<\/p><\/div><\/div>\t\t\t\t<\/div>\n\t\t<div class=\"elementor-element elementor-element-2d283a9 e-con-full e-flex e-con e-child\" data-id=\"2d283a9\" data-element_type=\"container\" data-e-type=\"container\">\n\t\t\t\t<div class=\"elementor-element elementor-element-f6d7bd9 elementor-widget__width-initial elementor-widget elementor-widget-image-box\" data-id=\"f6d7bd9\" data-element_type=\"widget\" data-e-type=\"widget\" data-widget_type=\"image-box.default\">\n\t\t\t\t\t<div class=\"elementor-image-box-wrapper\"><div class=\"elementor-image-box-content\"><h3 class=\"elementor-image-box-title\">Leidenschaft\u200b<\/h3><p class=\"elementor-image-box-description\">Wir lieben was wir tun, und das sp\u00fcrt man auf jedem Meter.<\/p><\/div><\/div>\t\t\t\t<\/div>\n\t\t\t\t<div class=\"elementor-element elementor-element-84273d3 elementor-widget__width-initial elementor-widget elementor-widget-image-box\" data-id=\"84273d3\" data-element_type=\"widget\" data-e-type=\"widget\" data-widget_type=\"image-box.default\">\n\t\t\t\t\t<div class=\"elementor-image-box-wrapper\"><div class=\"elementor-image-box-content\"><h3 class=\"elementor-image-box-title\">Sicherheit<\/h3><p class=\"elementor-image-box-description\">Unsere Guides sind zertifiziert, die Bikes top gewartet.<\/p><\/div><\/div>\t\t\t\t<\/div>\n\t\t\t\t<div class=\"elementor-element elementor-element-88d869d elementor-widget elementor-widget-image-box\" data-id=\"88d869d\" data-element_type=\"widget\" data-e-type=\"widget\" data-widget_type=\"image-box.default\">\n\t\t\t\t\t<div class=\"elementor-image-box-wrapper\"><div class=\"elementor-image-box-content\"><h3 class=\"elementor-image-box-title\">Nachhaltigkeit<\/h3><p class=\"elementor-image-box-description\">Wir fahren mit Respekt f\u00fcr Natur, Region und Mitmenschen.<\/p><\/div><\/div>\t\t\t\t<\/div>\n\t\t\t\t<\/div>\n\t\t\t\t\t<\/div>\n\t\t\t\t<\/div>\n\t\t<div class=\"elementor-element elementor-element-17583f8 e-flex e-con-boxed e-con e-parent\" data-id=\"17583f8\" data-element_type=\"container\" data-e-type=\"container\" data-settings=\"{&quot;background_background&quot;:&quot;classic&quot;}\">\n\t\t\t\t\t<div class=\"e-con-inner\">\n\t\t\t\t<div class=\"elementor-element elementor-element-0da3d76 elementor-widget elementor-widget-image-box\" data-id=\"0da3d76\" data-element_type=\"widget\" data-e-type=\"widget\" data-widget_type=\"image-box.default\">\n\t\t\t\t\t<div class=\"elementor-image-box-wrapper\"><div class=\"elementor-image-box-content\"><h2 class=\"elementor-image-box-title\">Deine n\u00e4chste Tour wartet- jetzt anfragen!\u200b<\/h2><\/div><\/div>\t\t\t\t<\/div>\n\t\t\t\t<div class=\"elementor-element elementor-element-fa1adbc elementor-align-center elementor-widget elementor-widget-button\" data-id=\"fa1adbc\" data-element_type=\"widget\" data-e-type=\"widget\" data-widget_type=\"button.default\">\n\t\t\t\t\t\t\t\t\t\t<a class=\"elementor-button elementor-button-link elementor-size-sm\" href=\"\/contact\/\">\n\t\t\t\t\t\t<span class=\"elementor-button-content-wrapper\">\n\t\t\t\t\t\t\t\t\t<span class=\"elementor-button-text\">Terminanfrage<\/span>\n\t\t\t\t\t<\/span>\n\t\t\t\t\t<\/a>\n\t\t\t\t\t\t\t\t<\/div>\n\t\t\t\t\t<\/div>\n\t\t\t\t<\/div>\n\t\t\t\t<\/div>\n\t\t","protected":false},"excerpt":{"rendered":"<p>\u00dcber Uns Mountainbiken mit Leidenschaft \u2013 Direkt aus Wien Jetzt Tour oder Service anfragen Ich bin Gerald Kotzian, von Cycling [&hellip;]<\/p>\n","protected":false},"author":1,"featured_media":0,"parent":0,"menu_order":0,"comment_status":"closed","ping_status":"closed","template":"","meta":{"_uag_custom_page_level_css":"","site-sidebar-layout":"no-sidebar","site-content-layout":"","ast-site-content-layout":"full-width-container","site-content-style":"default","site-sidebar-style":"default","ast-global-header-display":"","ast-banner-title-visibility":"","ast-main-header-display":"","ast-hfb-above-header-display":"","ast-hfb-below-header-display":"","ast-hfb-mobile-header-display":"","site-post-title":"disabled","ast-breadcrumbs-content":"","ast-featured-img":"disabled","footer-sml-layout":"","ast-disable-related-posts":"","theme-transparent-header-meta":"","adv-header-id-meta":"","stick-header-meta":"","header-above-stick-meta":"","header-main-stick-meta":"","header-below-stick-meta":"","astra-migrate-meta-layouts":"default","ast-page-background-enabled":"default","ast-page-background-meta":{"desktop":{"background-color":"var(--ast-global-color-5)","background-image":"","background-repeat":"repeat","background-position":"center center","background-size":"auto","background-attachment":"scroll","background-type":"","background-media":"","overlay-type":"","overlay-color":"","overlay-opacity":"","overlay-gradient":""},"tablet":{"background-color":"","background-image":"","background-repeat":"repeat","background-position":"center center","background-size":"auto","background-attachment":"scroll","background-type":"","background-media":"","overlay-type":"","overlay-color":"","overlay-opacity":"","overlay-gradient":""},"mobile":{"background-color":"","background-image":"","background-repeat":"repeat","background-position":"center center","background-size":"auto","background-attachment":"scroll","background-type":"","background-media":"","overlay-type":"","overlay-color":"","overlay-opacity":"","overlay-gradient":""}},"ast-content-background-meta":{"desktop":{"background-color":"var(--ast-global-color-4)","background-image":"","background-repeat":"repeat","background-position":"center center","background-size":"auto","background-attachment":"scroll","background-type":"","background-media":"","overlay-type":"","overlay-color":"","overlay-opacity":"","overlay-gradient":""},"tablet":{"background-color":"var(--ast-global-color-4)","background-image":"","background-repeat":"repeat","background-position":"center center","background-size":"auto","background-attachment":"scroll","background-type":"","background-media":"","overlay-type":"","overlay-color":"","overlay-opacity":"","overlay-gradient":""},"mobile":{"background-color":"var(--ast-global-color-4)","background-image":"","background-repeat":"repeat","background-position":"center center","background-size":"auto","background-attachment":"scroll","background-type":"","background-media":"","overlay-type":"","overlay-color":"","overlay-opacity":"","overlay-gradient":""}},"footnotes":""},"class_list":["post-276","page","type-page","status-publish","hentry"],"yoast_head":"<!-- This site is optimized with the Yoast SEO plugin v27.4 - https:\/\/yoast.com\/product\/yoast-seo-wordpress\/ -->\n<title>\u00dcber uns - GKMTB Touren<\/title>\n<meta name=\"robots\" content=\"index, follow, max-snippet:-1, max-image-preview:large, max-video-preview:-1\" \/>\n<link rel=\"canonical\" href=\"https:\/\/gkmtb-touren.at\/de_at\/about\/\" \/>\n<meta property=\"og:locale\" content=\"de_DE\" \/>\n<meta property=\"og:type\" content=\"article\" \/>\n<meta property=\"og:title\" content=\"\u00dcber uns - GKMTB Touren\" \/>\n<meta property=\"og:description\" content=\"\u00dcber Uns Mountainbiken mit Leidenschaft \u2013 Direkt aus Wien Jetzt Tour oder Service anfragen Ich bin Gerald Kotzian, von Cycling [&hellip;]\" \/>\n<meta property=\"og:url\" content=\"https:\/\/gkmtb-touren.at\/de_at\/about\/\" \/>\n<meta property=\"og:site_name\" content=\"GKMTB Touren\" \/>\n<meta property=\"article:modified_time\" content=\"2025-10-13T08:40:44+00:00\" \/>\n<meta property=\"og:image\" content=\"http:\/\/gkmtb-touren.at\/wp-content\/uploads\/2025\/10\/Gerald-2.png\" \/>\n<meta name=\"twitter:card\" content=\"summary_large_image\" \/>\n<meta name=\"twitter:label1\" content=\"Gesch\u00e4tzte Lesezeit\" \/>\n\t<meta name=\"twitter:data1\" content=\"2 Minuten\" \/>\n<script type=\"application\/ld+json\" class=\"yoast-schema-graph\">{\"@context\":\"https:\\\/\\\/schema.org\",\"@graph\":[{\"@type\":\"WebPage\",\"@id\":\"https:\\\/\\\/gkmtb-touren.at\\\/de_at\\\/about\\\/\",\"url\":\"https:\\\/\\\/gkmtb-touren.at\\\/de_at\\\/about\\\/\",\"name\":\"\u00dcber uns - GKMTB Touren\",\"isPartOf\":{\"@id\":\"https:\\\/\\\/gkmtb-touren.at\\\/de_at\\\/#website\"},\"primaryImageOfPage\":{\"@id\":\"https:\\\/\\\/gkmtb-touren.at\\\/de_at\\\/about\\\/#primaryimage\"},\"image\":{\"@id\":\"https:\\\/\\\/gkmtb-touren.at\\\/de_at\\\/about\\\/#primaryimage\"},\"thumbnailUrl\":\"http:\\\/\\\/gkmtb-touren.at\\\/wp-content\\\/uploads\\\/2025\\\/10\\\/Gerald-2.png\",\"datePublished\":\"2025-04-28T14:08:07+00:00\",\"dateModified\":\"2025-10-13T08:40:44+00:00\",\"breadcrumb\":{\"@id\":\"https:\\\/\\\/gkmtb-touren.at\\\/de_at\\\/about\\\/#breadcrumb\"},\"inLanguage\":\"de-AT\",\"potentialAction\":[{\"@type\":\"ReadAction\",\"target\":[\"https:\\\/\\\/gkmtb-touren.at\\\/de_at\\\/about\\\/\"]}]},{\"@type\":\"ImageObject\",\"inLanguage\":\"de-AT\",\"@id\":\"https:\\\/\\\/gkmtb-touren.at\\\/de_at\\\/about\\\/#primaryimage\",\"url\":\"http:\\\/\\\/gkmtb-touren.at\\\/wp-content\\\/uploads\\\/2025\\\/10\\\/Gerald-2.png\",\"contentUrl\":\"http:\\\/\\\/gkmtb-touren.at\\\/wp-content\\\/uploads\\\/2025\\\/10\\\/Gerald-2.png\"},{\"@type\":\"BreadcrumbList\",\"@id\":\"https:\\\/\\\/gkmtb-touren.at\\\/de_at\\\/about\\\/#breadcrumb\",\"itemListElement\":[{\"@type\":\"ListItem\",\"position\":1,\"name\":\"Startseite\",\"item\":\"https:\\\/\\\/gkmtb-touren.at\\\/\"},{\"@type\":\"ListItem\",\"position\":2,\"name\":\"\u00dcber uns\"}]},{\"@type\":\"WebSite\",\"@id\":\"https:\\\/\\\/gkmtb-touren.at\\\/de_at\\\/#website\",\"url\":\"https:\\\/\\\/gkmtb-touren.at\\\/de_at\\\/\",\"name\":\"GKMTB Touren\",\"description\":\"Mountainbike Touren Wienerwald\",\"publisher\":{\"@id\":\"https:\\\/\\\/gkmtb-touren.at\\\/de_at\\\/#organization\"},\"potentialAction\":[{\"@type\":\"SearchAction\",\"target\":{\"@type\":\"EntryPoint\",\"urlTemplate\":\"https:\\\/\\\/gkmtb-touren.at\\\/de_at\\\/?s={search_term_string}\"},\"query-input\":{\"@type\":\"PropertyValueSpecification\",\"valueRequired\":true,\"valueName\":\"search_term_string\"}}],\"inLanguage\":\"de-AT\"},{\"@type\":\"Organization\",\"@id\":\"https:\\\/\\\/gkmtb-touren.at\\\/de_at\\\/#organization\",\"name\":\"GKMTB Touren\",\"url\":\"https:\\\/\\\/gkmtb-touren.at\\\/de_at\\\/\",\"logo\":{\"@type\":\"ImageObject\",\"inLanguage\":\"de-AT\",\"@id\":\"https:\\\/\\\/gkmtb-touren.at\\\/de_at\\\/#\\\/schema\\\/logo\\\/image\\\/\",\"url\":\"https:\\\/\\\/gkmtb-touren.at\\\/wp-content\\\/uploads\\\/2025\\\/07\\\/cropped-RADLOGO1.png\",\"contentUrl\":\"https:\\\/\\\/gkmtb-touren.at\\\/wp-content\\\/uploads\\\/2025\\\/07\\\/cropped-RADLOGO1.png\",\"width\":874,\"height\":547,\"caption\":\"GKMTB Touren\"},\"image\":{\"@id\":\"https:\\\/\\\/gkmtb-touren.at\\\/de_at\\\/#\\\/schema\\\/logo\\\/image\\\/\"}}]}<\/script>\n<!-- \/ Yoast SEO plugin. -->","yoast_head_json":{"title":"\u00dcber uns - GKMTB Touren","robots":{"index":"index","follow":"follow","max-snippet":"max-snippet:-1","max-image-preview":"max-image-preview:large","max-video-preview":"max-video-preview:-1"},"canonical":"https:\/\/gkmtb-touren.at\/de_at\/about\/","og_locale":"de_DE","og_type":"article","og_title":"\u00dcber uns - GKMTB Touren","og_description":"\u00dcber Uns Mountainbiken mit Leidenschaft \u2013 Direkt aus Wien Jetzt Tour oder Service anfragen Ich bin Gerald Kotzian, von Cycling [&hellip;]","og_url":"https:\/\/gkmtb-touren.at\/de_at\/about\/","og_site_name":"GKMTB Touren","article_modified_time":"2025-10-13T08:40:44+00:00","og_image":[{"url":"http:\/\/gkmtb-touren.at\/wp-content\/uploads\/2025\/10\/Gerald-2.png","type":"","width":"","height":""}],"twitter_card":"summary_large_image","twitter_misc":{"Gesch\u00e4tzte Lesezeit":"2 Minuten"},"schema":{"@context":"https:\/\/schema.org","@graph":[{"@type":"WebPage","@id":"https:\/\/gkmtb-touren.at\/de_at\/about\/","url":"https:\/\/gkmtb-touren.at\/de_at\/about\/","name":"\u00dcber uns - GKMTB Touren","isPartOf":{"@id":"https:\/\/gkmtb-touren.at\/de_at\/#website"},"primaryImageOfPage":{"@id":"https:\/\/gkmtb-touren.at\/de_at\/about\/#primaryimage"},"image":{"@id":"https:\/\/gkmtb-touren.at\/de_at\/about\/#primaryimage"},"thumbnailUrl":"http:\/\/gkmtb-touren.at\/wp-content\/uploads\/2025\/10\/Gerald-2.png","datePublished":"2025-04-28T14:08:07+00:00","dateModified":"2025-10-13T08:40:44+00:00","breadcrumb":{"@id":"https:\/\/gkmtb-touren.at\/de_at\/about\/#breadcrumb"},"inLanguage":"de-AT","potentialAction":[{"@type":"ReadAction","target":["https:\/\/gkmtb-touren.at\/de_at\/about\/"]}]},{"@type":"ImageObject","inLanguage":"de-AT","@id":"https:\/\/gkmtb-touren.at\/de_at\/about\/#primaryimage","url":"http:\/\/gkmtb-touren.at\/wp-content\/uploads\/2025\/10\/Gerald-2.png","contentUrl":"http:\/\/gkmtb-touren.at\/wp-content\/uploads\/2025\/10\/Gerald-2.png"},{"@type":"BreadcrumbList","@id":"https:\/\/gkmtb-touren.at\/de_at\/about\/#breadcrumb","itemListElement":[{"@type":"ListItem","position":1,"name":"Startseite","item":"https:\/\/gkmtb-touren.at\/"},{"@type":"ListItem","position":2,"name":"\u00dcber uns"}]},{"@type":"WebSite","@id":"https:\/\/gkmtb-touren.at\/de_at\/#website","url":"https:\/\/gkmtb-touren.at\/de_at\/","name":"GKMTB Touren","description":"Mountainbike Touren Wienerwald","publisher":{"@id":"https:\/\/gkmtb-touren.at\/de_at\/#organization"},"potentialAction":[{"@type":"SearchAction","target":{"@type":"EntryPoint","urlTemplate":"https:\/\/gkmtb-touren.at\/de_at\/?s={search_term_string}"},"query-input":{"@type":"PropertyValueSpecification","valueRequired":true,"valueName":"search_term_string"}}],"inLanguage":"de-AT"},{"@type":"Organization","@id":"https:\/\/gkmtb-touren.at\/de_at\/#organization","name":"GKMTB Touren","url":"https:\/\/gkmtb-touren.at\/de_at\/","logo":{"@type":"ImageObject","inLanguage":"de-AT","@id":"https:\/\/gkmtb-touren.at\/de_at\/#\/schema\/logo\/image\/","url":"https:\/\/gkmtb-touren.at\/wp-content\/uploads\/2025\/07\/cropped-RADLOGO1.png","contentUrl":"https:\/\/gkmtb-touren.at\/wp-content\/uploads\/2025\/07\/cropped-RADLOGO1.png","width":874,"height":547,"caption":"GKMTB Touren"},"image":{"@id":"https:\/\/gkmtb-touren.at\/de_at\/#\/schema\/logo\/image\/"}}]}},"uagb_featured_image_src":{"full":false,"thumbnail":false,"medium":false,"medium_large":false,"large":false,"1536x1536":false,"2048x2048":false,"trp-custom-language-flag":false},"uagb_author_info":{"display_name":"Gerald","author_link":"https:\/\/gkmtb-touren.at\/de_at\/author\/geraldkwp\/"},"uagb_comment_info":0,"uagb_excerpt":"\u00dcber Uns Mountainbiken mit Leidenschaft \u2013 Direkt aus Wien Jetzt Tour oder Service anfragen Ich bin Gerald Kotzian, von Cycling [&hellip;]","_links":{"self":[{"href":"https:\/\/gkmtb-touren.at\/de_at\/wp-json\/wp\/v2\/pages\/276","targetHints":{"allow":["GET"]}}],"collection":[{"href":"https:\/\/gkmtb-touren.at\/de_at\/wp-json\/wp\/v2\/pages"}],"about":[{"href":"https:\/\/gkmtb-touren.at\/de_at\/wp-json\/wp\/v2\/types\/page"}],"author":[{"embeddable":true,"href":"https:\/\/gkmtb-touren.at\/de_at\/wp-json\/wp\/v2\/users\/1"}],"replies":[{"embeddable":true,"href":"https:\/\/gkmtb-touren.at\/de_at\/wp-json\/wp\/v2\/comments?post=276"}],"version-history":[{"count":54,"href":"https:\/\/gkmtb-touren.at\/de_at\/wp-json\/wp\/v2\/pages\/276\/revisions"}],"predecessor-version":[{"id":1511,"href":"https:\/\/gkmtb-touren.at\/de_at\/wp-json\/wp\/v2\/pages\/276\/revisions\/1511"}],"wp:attachment":[{"href":"https:\/\/gkmtb-touren.at\/de_at\/wp-json\/wp\/v2\/media?parent=276"}],"curies":[{"name":"wp","href":"https:\/\/api.w.org\/{rel}","templated":true}]}}