{"id":694,"date":"2025-07-19T10:35:57","date_gmt":"2025-07-19T08:35:57","guid":{"rendered":"http:\/\/gkmtb-touren.at\/?page_id=694"},"modified":"2026-01-25T20:34:08","modified_gmt":"2026-01-25T19:34:08","slug":"preise","status":"publish","type":"page","link":"https:\/\/gkmtb-touren.at\/de_at\/preise\/","title":{"rendered":"Preise"},"content":{"rendered":"\t\t<div data-elementor-type=\"wp-post\" data-elementor-id=\"694\" class=\"elementor elementor-694\">\n\t\t\t\t<div class=\"elementor-element elementor-element-1c659e2 e-flex e-con-boxed e-con e-parent\" data-id=\"1c659e2\" data-element_type=\"container\" data-e-type=\"container\" data-settings=\"{&quot;background_background&quot;:&quot;classic&quot;}\">\n\t\t\t\t\t<div class=\"e-con-inner\">\n\t\t\t\t<div class=\"elementor-element elementor-element-85139b6 elementor-widget elementor-widget-heading\" data-id=\"85139b6\" data-element_type=\"widget\" data-e-type=\"widget\" data-widget_type=\"heading.default\">\n\t\t\t\t\t<h1 class=\"elementor-heading-title elementor-size-default\">Preise<\/h1>\t\t\t\t<\/div>\n\t\t\t\t\t<\/div>\n\t\t\t\t<\/div>\n\t\t<div class=\"elementor-element elementor-element-9270f64 e-flex e-con-boxed e-con e-parent\" data-id=\"9270f64\" data-element_type=\"container\" data-e-type=\"container\">\n\t\t\t\t\t<div class=\"e-con-inner\">\n\t\t\t\t<div class=\"elementor-element elementor-element-fdec536 elementor-widget elementor-widget-heading\" data-id=\"fdec536\" data-element_type=\"widget\" data-e-type=\"widget\" data-widget_type=\"heading.default\">\n\t\t\t\t\t<h2 class=\"elementor-heading-title elementor-size-default\">Mountainbike Touren mit eigenem Bike<\/h2>\t\t\t\t<\/div>\n\t\t\t\t\t<\/div>\n\t\t\t\t<\/div>\n\t\t<div class=\"elementor-element elementor-element-8b61faf e-flex e-con-boxed e-con e-parent\" data-id=\"8b61faf\" data-element_type=\"container\" data-e-type=\"container\">\n\t\t\t\t\t<div class=\"e-con-inner\">\n\t\t\t\t<div class=\"elementor-element elementor-element-e04b4be elementor-widget elementor-widget-text-editor\" data-id=\"e04b4be\" data-element_type=\"widget\" data-e-type=\"widget\" data-widget_type=\"text-editor.default\">\n\t\t\t\t\t\t\t\t\t<p>Touren sind mit e-Mountainbike oder Bio-Bike m\u00f6glich, Treffpunkt nach Vereinbarung (bei Treffpunkten au\u00dferhalb Wiens mit Aufpreis). Bei Treffpunkt in der Bike Base schauen wir gerne auch \u00fcber eure Bikes um sicherzustellen, dass ihr die Tour sicher fahren k\u00f6nnt.<\/p>\t\t\t\t\t\t\t\t<\/div>\n\t\t\t\t<div class=\"elementor-element elementor-element-d218e8f elementor-widget elementor-widget-html\" data-id=\"d218e8f\" data-element_type=\"widget\" data-e-type=\"widget\" data-widget_type=\"html.default\">\n\t\t\t\t\t<style>\n.table_component {\n    overflow: auto;\n    width: 100%;\n}\n\n.table_component table {\n    border: 1px solid #dededf;\n    height: 100%;\n    width: 100%;\n    table-layout: fixed;\n    border-collapse: collapse;\n    border-spacing: 1px;\n    text-align: left;\n}\n\n.table_component caption {\n    caption-side: top;\n    text-align: center;\n}\n\n.table_component th {\n    border: 1px solid #dededf;\n    background-color: #eceff1;\n    color: #000000;\n    padding: 5px;\n}\n\n.table_component td {\n    border: 1px solid #dededf;\n    background-color: #ffffff;\n    color: #000000;\n    padding: 5px;\n}\n<\/style>\n<div class=\"table_component\" role=\"region\" tabindex=\"0\">\n<table>\n    <thead>\n        <tr>\n            <th>Art der Tour<\/th>\n            <th>Preis<\/th>\n            <th><br><\/th>\n        <\/tr>\n    <\/thead>\n    <tbody>\n        <tr>\n            <td>Kurztour<\/td>\n            <td>36,- EUR<\/td>\n            <td>pro Person<\/td>\n        <\/tr>\n        <tr>\n            <td>Genusstour<\/td>\n            <td>45,- EUR<\/td>\n            <td>pro Person<\/td>\n        <\/tr>\n        <tr>\n            <td>Tagestour<\/td>\n            <td>80,- EUR<\/td>\n            <td>pro Person<\/td>\n        <\/tr>\n        <tr>\n            <td>Gruppentour<\/td>\n            <td>350,- EUR<\/td>\n            <td>pauschal<\/td>\n        <\/tr>\n    <\/tbody>\n<\/table>\t\t\t\t<\/div>\n\t\t\t\t<div class=\"elementor-element elementor-element-a29b1c0 elementor-widget elementor-widget-heading\" data-id=\"a29b1c0\" data-element_type=\"widget\" data-e-type=\"widget\" data-widget_type=\"heading.default\">\n\t\t\t\t\t<h2 class=\"elementor-heading-title elementor-size-default\">Touren mit e-MTB aus Verleih<\/h2>\t\t\t\t<\/div>\n\t\t\t\t<div class=\"elementor-element elementor-element-ceb4902 elementor-widget elementor-widget-text-editor\" data-id=\"ceb4902\" data-element_type=\"widget\" data-e-type=\"widget\" data-widget_type=\"text-editor.default\">\n\t\t\t\t\t\t\t\t\t<p>Touren mit e-Mountainbike aus dem Verleih, Treffpunkt immer im Shop. Wir passen das Bike f\u00fcr dich an (Sattelh\u00f6he, D\u00e4mpferdruck, etc) und zeigen dir alle Funktionen.\u00a0<\/p><p>Derzeit haben wir folgende Bikes im Verleih: Scott Patron eRide 920, Scott Lumen eRide 920, Scott Aspect eRide 900 Wave, Scott Voltage eRide 910. Wir w\u00e4hlen gemeinsam das f\u00fcr dich und f\u00fcr die ausgew\u00e4hlte Tour passende Bike aus.<\/p>\t\t\t\t\t\t\t\t<\/div>\n\t\t\t\t<div class=\"elementor-element elementor-element-bdb0f19 elementor-widget elementor-widget-html\" data-id=\"bdb0f19\" data-element_type=\"widget\" data-e-type=\"widget\" data-widget_type=\"html.default\">\n\t\t\t\t\t<style>\n.table_component {\n    overflow: auto;\n    width: 100%;\n}\n\n.table_component table {\n    border: 1px solid #dededf;\n    height: 100%;\n    width: 100%;\n    table-layout: fixed;\n    border-collapse: collapse;\n    border-spacing: 1px;\n    text-align: left;\n}\n\n.table_component caption {\n    caption-side: top;\n    text-align: center;\n}\n\n.table_component th {\n    border: 1px solid #dededf;\n    background-color: #eceff1;\n    color: #000000;\n    padding: 5px;\n}\n\n.table_component td {\n    border: 1px solid #dededf;\n    background-color: #ffffff;\n    color: #000000;\n    padding: 5px;\n}\n<\/style>\n<div class=\"table_component\" role=\"region\" tabindex=\"0\">\n<table>\n    <thead>\n        <tr>\n            <th>Art der Tour<\/th>\n            <th>Preis<\/th>\n            <th><br><\/th>\n        <\/tr>\n    <\/thead>\n    <tbody>\n        <tr>\n            <td>Kurztour<\/td>\n            <td>65,- EUR<\/td>\n            <td>pro Person<\/td>\n        <\/tr>\n        <tr>\n            <td>Genusstour<\/td>\n            <td>85,- EUR<\/td>\n            <td>pro Person<\/td>\n        <\/tr>\n        <tr>\n            <td>Tagestour<\/td>\n            <td>109,- EUR<\/td>\n            <td>pro Person<\/td>\n        <\/tr>\n        <tr>\n            <td>Gruppentour ab 4 Personen<\/td>\n            <td>auf Anfrage<\/td>\n            <td><br><\/td>\n        <\/tr>\n    <\/tbody>\n<\/table>\n\t\t\t\t<\/div>\n\t\t\t\t<div class=\"elementor-element elementor-element-75de8f2 elementor-align-center elementor-widget elementor-widget-button\" data-id=\"75de8f2\" data-element_type=\"widget\" data-e-type=\"widget\" data-widget_type=\"button.default\">\n\t\t\t\t\t\t\t\t\t\t<a class=\"elementor-button elementor-button-link elementor-size-sm\" href=\"\/contact\/\">\n\t\t\t\t\t\t<span class=\"elementor-button-content-wrapper\">\n\t\t\t\t\t\t\t\t\t<span class=\"elementor-button-text\">Terminanfrage Tour<\/span>\n\t\t\t\t\t<\/span>\n\t\t\t\t\t<\/a>\n\t\t\t\t\t\t\t\t<\/div>\n\t\t\t\t<div class=\"elementor-element elementor-element-d83c782 elementor-widget-divider--view-line elementor-widget elementor-widget-divider\" data-id=\"d83c782\" data-element_type=\"widget\" data-e-type=\"widget\" data-widget_type=\"divider.default\">\n\t\t\t\t\t\t\t<div class=\"elementor-divider\">\n\t\t\t<span class=\"elementor-divider-separator\">\n\t\t\t\t\t\t<\/span>\n\t\t<\/div>\n\t\t\t\t\t\t<\/div>\n\t\t\t\t<div class=\"elementor-element elementor-element-581084e elementor-widget elementor-widget-heading\" data-id=\"581084e\" data-element_type=\"widget\" data-e-type=\"widget\" data-widget_type=\"heading.default\">\n\t\t\t\t\t<h2 class=\"elementor-heading-title elementor-size-default\">e-Mountainbike Verleih<\/h2>\t\t\t\t<\/div>\n\t\t\t\t<div class=\"elementor-element elementor-element-d312329 elementor-widget elementor-widget-text-editor\" data-id=\"d312329\" data-element_type=\"widget\" data-e-type=\"widget\" data-widget_type=\"text-editor.default\">\n\t\t\t\t\t\t\t\t\t<p>Alle Bikes sind brandneu, top gewartet und in exzellentem Zustand. <br \/>F\u00fcr weitere Optionen oder l\u00e4ngere Verleihzeitr\u00e4ume kontaktiere uns bitte.<\/p>\t\t\t\t\t\t\t\t<\/div>\n\t\t\t\t<div class=\"elementor-element elementor-element-b196563 elementor-widget elementor-widget-html\" data-id=\"b196563\" data-element_type=\"widget\" data-e-type=\"widget\" data-widget_type=\"html.default\">\n\t\t\t\t\t<style>\n.table_component {\n    overflow: auto;\n    width: 100%;\n}\n\n.table_component table {\n    border: 1px solid #dededf;\n    height: 100%;\n    width: 100%;\n    table-layout: fixed;\n    border-collapse: collapse;\n    border-spacing: 1px;\n    text-align: left;\n}\n\n.table_component caption {\n    caption-side: top;\n    text-align: center;\n}\n\n.table_component th {\n    border: 1px solid #dededf;\n    background-color: #eceff1;\n    color: #000000;\n    padding: 5px;\n}\n\n.table_component td {\n    border: 1px solid #dededf;\n    background-color: #ffffff;\n    color: #000000;\n    padding: 5px;\n}\n<\/style>\n<div class=\"table_component\" role=\"region\" tabindex=\"0\">\n<table>\n    \n    <thead>\n        <tr>\n            <th>Typ<\/th>\n            <th>Dauer<\/th>\n            <th>Preis<\/th>\n        <\/tr>\n    <\/thead>\n    <tbody>\n        <tr>\n            <td>Patron eRide 920, Lumen eRide 920, Aspect Wave eRide 900 oder Voltage eRide 910<\/td>\n            <td>bis 4 Stunden<\/td>\n            <td>49,- EUR<\/td>\n        <\/tr>\n        <tr>\n            <td><br><\/td>\n            <td>1 Tag<\/td>\n            <td>85,- EUR<\/td>\n        <\/tr>\n        <tr>\n            <td><br><\/td>\n            <td>2 Tage<\/td>\n            <td>159,- EUR<\/td>\n        <\/tr>\n        <tr>\n            <td><br><\/td>\n            <td>Wochenende (Freitag bis Sonntag)<\/td>\n            <td>189,- EUR<\/td>\n        <\/tr>\n    <\/tbody>\n<\/table>\t\t\t\t<\/div>\n\t\t\t\t<div class=\"elementor-element elementor-element-d7ca2c2 elementor-align-center elementor-widget elementor-widget-button\" data-id=\"d7ca2c2\" data-element_type=\"widget\" data-e-type=\"widget\" data-widget_type=\"button.default\">\n\t\t\t\t\t\t\t\t\t\t<a class=\"elementor-button elementor-button-link elementor-size-sm\" href=\"\/bikes\/\">\n\t\t\t\t\t\t<span class=\"elementor-button-content-wrapper\">\n\t\t\t\t\t\t\t\t\t<span class=\"elementor-button-text\">Terminanfrage Leihbike<\/span>\n\t\t\t\t\t<\/span>\n\t\t\t\t\t<\/a>\n\t\t\t\t\t\t\t\t<\/div>\n\t\t\t\t<div class=\"elementor-element elementor-element-4e8893b elementor-widget-divider--view-line elementor-widget elementor-widget-divider\" data-id=\"4e8893b\" data-element_type=\"widget\" data-e-type=\"widget\" data-widget_type=\"divider.default\">\n\t\t\t\t\t\t\t<div class=\"elementor-divider\">\n\t\t\t<span class=\"elementor-divider-separator\">\n\t\t\t\t\t\t<\/span>\n\t\t<\/div>\n\t\t\t\t\t\t<\/div>\n\t\t\t\t<div class=\"elementor-element elementor-element-fb29ffb elementor-widget elementor-widget-heading\" data-id=\"fb29ffb\" data-element_type=\"widget\" data-e-type=\"widget\" data-widget_type=\"heading.default\">\n\t\t\t\t\t<h2 class=\"elementor-heading-title elementor-size-default\">Service<\/h2>\t\t\t\t<\/div>\n\t\t\t\t<div class=\"elementor-element elementor-element-951f65f elementor-widget elementor-widget-text-editor\" data-id=\"951f65f\" data-element_type=\"widget\" data-e-type=\"widget\" data-widget_type=\"text-editor.default\">\n\t\t\t\t\t\t\t\t\t<p>Unsere Standardservices haben fixe Preise. F\u00fcr Reparaturen gibt es bei der Annahme einen Kostenvoranschlag. Falls davon abgewichen werden muss, melden wir uns.<\/p>\t\t\t\t\t\t\t\t<\/div>\n\t\t\t\t<div class=\"elementor-element elementor-element-f27f3cc elementor-widget elementor-widget-heading\" data-id=\"f27f3cc\" data-element_type=\"widget\" data-e-type=\"widget\" data-widget_type=\"heading.default\">\n\t\t\t\t\t<h3 class=\"elementor-heading-title elementor-size-default\">Nur bis Ende Februar 10% Rabatt auf alle Services (exklusive Ersatzteile)!<\/h3>\t\t\t\t<\/div>\n\t\t\t\t<div class=\"elementor-element elementor-element-2eab1bf elementor-widget elementor-widget-html\" data-id=\"2eab1bf\" data-element_type=\"widget\" data-e-type=\"widget\" data-widget_type=\"html.default\">\n\t\t\t\t\t<style>\n.table_component {\n    overflow: auto;\n    width: 100%;\n}\n\n.table_component table {\n    border: 1px solid #dededf;\n    height: 100%;\n    width: 100%;\n    table-layout: fixed;\n    border-collapse: collapse;\n    border-spacing: 1px;\n    text-align: left;\n}\n\n.table_component caption {\n    caption-side: top;\n    text-align: center;\n}\n\n.table_component th {\n    border: 1px solid #dededf;\n    background-color: #eceff1;\n    color: #000000;\n    padding: 5px;\n}\n\n.table_component td {\n    border: 1px solid #dededf;\n    background-color: #ffffff;\n    color: #000000;\n    padding: 5px;\n}\n<\/style>\n<div class=\"table_component\" role=\"region\" tabindex=\"0\">\n<table>\n    \n    <thead>\n        <tr>\n            <th>Typ<\/th>\n            <th>Preis<\/th>\n        <\/tr>\n    <\/thead>\n    <tbody>\n        <tr>\n            <td>Service Basic<\/td>\n        \n            <td>75,- EUR<\/td>\n        <\/tr>\n        <tr>\n            <td>Service Extra<\/td>\n            <td>135,- EUR<\/td>\n            <\/tr>\n            <td>Reparaturen oder andere Arbeiten<\/td>\n            <td>nach Kostenvoranschlag<\/td>\n        <\/tr>\n    <\/tbody>\n<\/table>\t\t\t\t<\/div>\n\t\t\t\t<div class=\"elementor-element elementor-element-75bbafd elementor-align-center elementor-widget elementor-widget-button\" data-id=\"75bbafd\" data-element_type=\"widget\" data-e-type=\"widget\" data-widget_type=\"button.default\">\n\t\t\t\t\t\t\t\t\t\t<a class=\"elementor-button elementor-button-link elementor-size-sm\" href=\"\/service\/\">\n\t\t\t\t\t\t<span class=\"elementor-button-content-wrapper\">\n\t\t\t\t\t\t\t\t\t<span class=\"elementor-button-text\">Terminanfrage Service<\/span>\n\t\t\t\t\t<\/span>\n\t\t\t\t\t<\/a>\n\t\t\t\t\t\t\t\t<\/div>\n\t\t\t\t\t<\/div>\n\t\t\t\t<\/div>\n\t\t\t\t<\/div>\n\t\t","protected":false},"excerpt":{"rendered":"<p>Preise Mountainbike Touren mit eigenem Bike Touren sind mit e-Mountainbike oder Bio-Bike m\u00f6glich, Treffpunkt nach Vereinbarung (bei Treffpunkten au\u00dferhalb Wiens [&hellip;]<\/p>\n","protected":false},"author":1,"featured_media":0,"parent":0,"menu_order":0,"comment_status":"closed","ping_status":"closed","template":"","meta":{"_uag_custom_page_level_css":"","site-sidebar-layout":"no-sidebar","site-content-layout":"","ast-site-content-layout":"full-width-container","site-content-style":"default","site-sidebar-style":"default","ast-global-header-display":"","ast-banner-title-visibility":"","ast-main-header-display":"","ast-hfb-above-header-display":"","ast-hfb-below-header-display":"","ast-hfb-mobile-header-display":"","site-post-title":"disabled","ast-breadcrumbs-content":"","ast-featured-img":"disabled","footer-sml-layout":"","ast-disable-related-posts":"","theme-transparent-header-meta":"","adv-header-id-meta":"","stick-header-meta":"","header-above-stick-meta":"","header-main-stick-meta":"","header-below-stick-meta":"","astra-migrate-meta-layouts":"default","ast-page-background-enabled":"default","ast-page-background-meta":{"desktop":{"background-color":"var(--ast-global-color-5)","background-image":"","background-repeat":"repeat","background-position":"center center","background-size":"auto","background-attachment":"scroll","background-type":"","background-media":"","overlay-type":"","overlay-color":"","overlay-opacity":"","overlay-gradient":""},"tablet":{"background-color":"","background-image":"","background-repeat":"repeat","background-position":"center center","background-size":"auto","background-attachment":"scroll","background-type":"","background-media":"","overlay-type":"","overlay-color":"","overlay-opacity":"","overlay-gradient":""},"mobile":{"background-color":"","background-image":"","background-repeat":"repeat","background-position":"center center","background-size":"auto","background-attachment":"scroll","background-type":"","background-media":"","overlay-type":"","overlay-color":"","overlay-opacity":"","overlay-gradient":""}},"ast-content-background-meta":{"desktop":{"background-color":"var(--ast-global-color-4)","background-image":"","background-repeat":"repeat","background-position":"center center","background-size":"auto","background-attachment":"scroll","background-type":"","background-media":"","overlay-type":"","overlay-color":"","overlay-opacity":"","overlay-gradient":""},"tablet":{"background-color":"var(--ast-global-color-4)","background-image":"","background-repeat":"repeat","background-position":"center center","background-size":"auto","background-attachment":"scroll","background-type":"","background-media":"","overlay-type":"","overlay-color":"","overlay-opacity":"","overlay-gradient":""},"mobile":{"background-color":"var(--ast-global-color-4)","background-image":"","background-repeat":"repeat","background-position":"center center","background-size":"auto","background-attachment":"scroll","background-type":"","background-media":"","overlay-type":"","overlay-color":"","overlay-opacity":"","overlay-gradient":""}},"footnotes":""},"class_list":["post-694","page","type-page","status-publish","hentry"],"yoast_head":"<!-- This site is optimized with the Yoast SEO plugin v27.4 - https:\/\/yoast.com\/product\/yoast-seo-wordpress\/ -->\n<title>Preise - GKMTB Touren<\/title>\n<meta name=\"robots\" content=\"index, follow, max-snippet:-1, max-image-preview:large, max-video-preview:-1\" \/>\n<link rel=\"canonical\" href=\"https:\/\/gkmtb-touren.at\/de_at\/preise\/\" \/>\n<meta property=\"og:locale\" content=\"de_DE\" \/>\n<meta property=\"og:type\" content=\"article\" \/>\n<meta property=\"og:title\" content=\"Preise - GKMTB Touren\" \/>\n<meta property=\"og:description\" content=\"Preise Mountainbike Touren mit eigenem Bike Touren sind mit e-Mountainbike oder Bio-Bike m\u00f6glich, Treffpunkt nach Vereinbarung (bei Treffpunkten au\u00dferhalb Wiens [&hellip;]\" \/>\n<meta property=\"og:url\" content=\"https:\/\/gkmtb-touren.at\/de_at\/preise\/\" \/>\n<meta property=\"og:site_name\" content=\"GKMTB Touren\" \/>\n<meta property=\"article:modified_time\" content=\"2026-01-25T19:34:08+00:00\" \/>\n<meta name=\"twitter:card\" content=\"summary_large_image\" \/>\n<meta name=\"twitter:label1\" content=\"Gesch\u00e4tzte Lesezeit\" \/>\n\t<meta name=\"twitter:data1\" content=\"3 Minuten\" \/>\n<script type=\"application\/ld+json\" class=\"yoast-schema-graph\">{\"@context\":\"https:\\\/\\\/schema.org\",\"@graph\":[{\"@type\":\"WebPage\",\"@id\":\"https:\\\/\\\/gkmtb-touren.at\\\/de_at\\\/preise\\\/\",\"url\":\"https:\\\/\\\/gkmtb-touren.at\\\/de_at\\\/preise\\\/\",\"name\":\"Preise - GKMTB Touren\",\"isPartOf\":{\"@id\":\"https:\\\/\\\/gkmtb-touren.at\\\/de_at\\\/#website\"},\"datePublished\":\"2025-07-19T08:35:57+00:00\",\"dateModified\":\"2026-01-25T19:34:08+00:00\",\"breadcrumb\":{\"@id\":\"https:\\\/\\\/gkmtb-touren.at\\\/de_at\\\/preise\\\/#breadcrumb\"},\"inLanguage\":\"de-AT\",\"potentialAction\":[{\"@type\":\"ReadAction\",\"target\":[\"https:\\\/\\\/gkmtb-touren.at\\\/de_at\\\/preise\\\/\"]}]},{\"@type\":\"BreadcrumbList\",\"@id\":\"https:\\\/\\\/gkmtb-touren.at\\\/de_at\\\/preise\\\/#breadcrumb\",\"itemListElement\":[{\"@type\":\"ListItem\",\"position\":1,\"name\":\"Startseite\",\"item\":\"https:\\\/\\\/gkmtb-touren.at\\\/\"},{\"@type\":\"ListItem\",\"position\":2,\"name\":\"Preise\"}]},{\"@type\":\"WebSite\",\"@id\":\"https:\\\/\\\/gkmtb-touren.at\\\/de_at\\\/#website\",\"url\":\"https:\\\/\\\/gkmtb-touren.at\\\/de_at\\\/\",\"name\":\"GKMTB Touren\",\"description\":\"Mountainbike Touren Wienerwald\",\"publisher\":{\"@id\":\"https:\\\/\\\/gkmtb-touren.at\\\/de_at\\\/#organization\"},\"potentialAction\":[{\"@type\":\"SearchAction\",\"target\":{\"@type\":\"EntryPoint\",\"urlTemplate\":\"https:\\\/\\\/gkmtb-touren.at\\\/de_at\\\/?s={search_term_string}\"},\"query-input\":{\"@type\":\"PropertyValueSpecification\",\"valueRequired\":true,\"valueName\":\"search_term_string\"}}],\"inLanguage\":\"de-AT\"},{\"@type\":\"Organization\",\"@id\":\"https:\\\/\\\/gkmtb-touren.at\\\/de_at\\\/#organization\",\"name\":\"GKMTB Touren\",\"url\":\"https:\\\/\\\/gkmtb-touren.at\\\/de_at\\\/\",\"logo\":{\"@type\":\"ImageObject\",\"inLanguage\":\"de-AT\",\"@id\":\"https:\\\/\\\/gkmtb-touren.at\\\/de_at\\\/#\\\/schema\\\/logo\\\/image\\\/\",\"url\":\"https:\\\/\\\/gkmtb-touren.at\\\/wp-content\\\/uploads\\\/2025\\\/07\\\/cropped-RADLOGO1.png\",\"contentUrl\":\"https:\\\/\\\/gkmtb-touren.at\\\/wp-content\\\/uploads\\\/2025\\\/07\\\/cropped-RADLOGO1.png\",\"width\":874,\"height\":547,\"caption\":\"GKMTB Touren\"},\"image\":{\"@id\":\"https:\\\/\\\/gkmtb-touren.at\\\/de_at\\\/#\\\/schema\\\/logo\\\/image\\\/\"}}]}<\/script>\n<!-- \/ Yoast SEO plugin. -->","yoast_head_json":{"title":"Preise - GKMTB Touren","robots":{"index":"index","follow":"follow","max-snippet":"max-snippet:-1","max-image-preview":"max-image-preview:large","max-video-preview":"max-video-preview:-1"},"canonical":"https:\/\/gkmtb-touren.at\/de_at\/preise\/","og_locale":"de_DE","og_type":"article","og_title":"Preise - GKMTB Touren","og_description":"Preise Mountainbike Touren mit eigenem Bike Touren sind mit e-Mountainbike oder Bio-Bike m\u00f6glich, Treffpunkt nach Vereinbarung (bei Treffpunkten au\u00dferhalb Wiens [&hellip;]","og_url":"https:\/\/gkmtb-touren.at\/de_at\/preise\/","og_site_name":"GKMTB Touren","article_modified_time":"2026-01-25T19:34:08+00:00","twitter_card":"summary_large_image","twitter_misc":{"Gesch\u00e4tzte Lesezeit":"3 Minuten"},"schema":{"@context":"https:\/\/schema.org","@graph":[{"@type":"WebPage","@id":"https:\/\/gkmtb-touren.at\/de_at\/preise\/","url":"https:\/\/gkmtb-touren.at\/de_at\/preise\/","name":"Preise - GKMTB Touren","isPartOf":{"@id":"https:\/\/gkmtb-touren.at\/de_at\/#website"},"datePublished":"2025-07-19T08:35:57+00:00","dateModified":"2026-01-25T19:34:08+00:00","breadcrumb":{"@id":"https:\/\/gkmtb-touren.at\/de_at\/preise\/#breadcrumb"},"inLanguage":"de-AT","potentialAction":[{"@type":"ReadAction","target":["https:\/\/gkmtb-touren.at\/de_at\/preise\/"]}]},{"@type":"BreadcrumbList","@id":"https:\/\/gkmtb-touren.at\/de_at\/preise\/#breadcrumb","itemListElement":[{"@type":"ListItem","position":1,"name":"Startseite","item":"https:\/\/gkmtb-touren.at\/"},{"@type":"ListItem","position":2,"name":"Preise"}]},{"@type":"WebSite","@id":"https:\/\/gkmtb-touren.at\/de_at\/#website","url":"https:\/\/gkmtb-touren.at\/de_at\/","name":"GKMTB Touren","description":"Mountainbike Touren Wienerwald","publisher":{"@id":"https:\/\/gkmtb-touren.at\/de_at\/#organization"},"potentialAction":[{"@type":"SearchAction","target":{"@type":"EntryPoint","urlTemplate":"https:\/\/gkmtb-touren.at\/de_at\/?s={search_term_string}"},"query-input":{"@type":"PropertyValueSpecification","valueRequired":true,"valueName":"search_term_string"}}],"inLanguage":"de-AT"},{"@type":"Organization","@id":"https:\/\/gkmtb-touren.at\/de_at\/#organization","name":"GKMTB Touren","url":"https:\/\/gkmtb-touren.at\/de_at\/","logo":{"@type":"ImageObject","inLanguage":"de-AT","@id":"https:\/\/gkmtb-touren.at\/de_at\/#\/schema\/logo\/image\/","url":"https:\/\/gkmtb-touren.at\/wp-content\/uploads\/2025\/07\/cropped-RADLOGO1.png","contentUrl":"https:\/\/gkmtb-touren.at\/wp-content\/uploads\/2025\/07\/cropped-RADLOGO1.png","width":874,"height":547,"caption":"GKMTB Touren"},"image":{"@id":"https:\/\/gkmtb-touren.at\/de_at\/#\/schema\/logo\/image\/"}}]}},"uagb_featured_image_src":{"full":false,"thumbnail":false,"medium":false,"medium_large":false,"large":false,"1536x1536":false,"2048x2048":false,"trp-custom-language-flag":false},"uagb_author_info":{"display_name":"Gerald","author_link":"https:\/\/gkmtb-touren.at\/de_at\/author\/geraldkwp\/"},"uagb_comment_info":0,"uagb_excerpt":"Preise Mountainbike Touren mit eigenem Bike Touren sind mit e-Mountainbike oder Bio-Bike m\u00f6glich, Treffpunkt nach Vereinbarung (bei Treffpunkten au\u00dferhalb Wiens [&hellip;]","_links":{"self":[{"href":"https:\/\/gkmtb-touren.at\/de_at\/wp-json\/wp\/v2\/pages\/694","targetHints":{"allow":["GET"]}}],"collection":[{"href":"https:\/\/gkmtb-touren.at\/de_at\/wp-json\/wp\/v2\/pages"}],"about":[{"href":"https:\/\/gkmtb-touren.at\/de_at\/wp-json\/wp\/v2\/types\/page"}],"author":[{"embeddable":true,"href":"https:\/\/gkmtb-touren.at\/de_at\/wp-json\/wp\/v2\/users\/1"}],"replies":[{"embeddable":true,"href":"https:\/\/gkmtb-touren.at\/de_at\/wp-json\/wp\/v2\/comments?post=694"}],"version-history":[{"count":58,"href":"https:\/\/gkmtb-touren.at\/de_at\/wp-json\/wp\/v2\/pages\/694\/revisions"}],"predecessor-version":[{"id":1980,"href":"https:\/\/gkmtb-touren.at\/de_at\/wp-json\/wp\/v2\/pages\/694\/revisions\/1980"}],"wp:attachment":[{"href":"https:\/\/gkmtb-touren.at\/de_at\/wp-json\/wp\/v2\/media?parent=694"}],"curies":[{"name":"wp","href":"https:\/\/api.w.org\/{rel}","templated":true}]}}